{"id":81,"date":"2023-03-30T18:11:29","date_gmt":"2023-03-30T18:11:29","guid":{"rendered":"https:\/\/sarahelenamueller.ch.hera.ch-meta.net\/test_1\/?page_id=81"},"modified":"2023-06-17T11:48:34","modified_gmt":"2023-06-17T11:48:34","slug":"fruehe-arbeiten","status":"publish","type":"page","link":"https:\/\/sarahelenamueller.ch\/?page_id=81","title":{"rendered":"Fr\u00fche Arbeiten"},"content":{"rendered":"\t\t<div data-elementor-type=\"wp-page\" data-elementor-id=\"81\" class=\"elementor elementor-81\" data-elementor-post-type=\"page\">\n\t\t\t\t\t\t<section class=\"elementor-section elementor-top-section elementor-element elementor-element-668cb542 elementor-section-stretched elementor-section-boxed elementor-section-height-default elementor-section-height-default\" data-id=\"668cb542\" data-element_type=\"section\" data-e-type=\"section\" data-settings=\"{&quot;stretch_section&quot;:&quot;section-stretched&quot;}\">\n\t\t\t\t\t\t<div class=\"elementor-container elementor-column-gap-default\">\n\t\t\t\t\t<div class=\"elementor-column elementor-col-100 elementor-top-column elementor-element elementor-element-6396e79e\" data-id=\"6396e79e\" data-element_type=\"column\" data-e-type=\"column\">\n\t\t\t<div class=\"elementor-widget-wrap elementor-element-populated\">\n\t\t\t\t\t\t<section class=\"elementor-section elementor-inner-section elementor-element elementor-element-67eb3bd4 elementor-section-boxed elementor-section-height-default elementor-section-height-default\" data-id=\"67eb3bd4\" data-element_type=\"section\" data-e-type=\"section\">\n\t\t\t\t\t\t<div class=\"elementor-container elementor-column-gap-default\">\n\t\t\t\t\t<div class=\"elementor-column elementor-col-50 elementor-inner-column elementor-element elementor-element-1b524e4b\" data-id=\"1b524e4b\" data-element_type=\"column\" data-e-type=\"column\">\n\t\t\t<div class=\"elementor-widget-wrap elementor-element-populated\">\n\t\t\t\t\t\t<div class=\"elementor-element elementor-element-bf84efb elementor-widget elementor-widget-heading\" data-id=\"bf84efb\" data-element_type=\"widget\" data-e-type=\"widget\" data-widget_type=\"heading.default\">\n\t\t\t\t<div class=\"elementor-widget-container\">\n\t\t\t\t\t<h2 class=\"elementor-heading-title elementor-size-default\">Personenstandsangleichung<\/h2>\t\t\t\t<\/div>\n\t\t\t\t<\/div>\n\t\t\t\t<div class=\"elementor-element elementor-element-1bf5269c elementor-widget elementor-widget-text-editor\" data-id=\"1bf5269c\" data-element_type=\"widget\" data-e-type=\"widget\" data-widget_type=\"text-editor.default\">\n\t\t\t\t<div class=\"elementor-widget-container\">\n\t\t\t\t\t\t\t\t\t<p>Die Audioarbeit &#8222;Personenstandsangleichung&#8220; wurde 2012 aus den gesammelten Aufnahmen einer Person erstellt, die sich in Transition von weiblich zu m\u00e4nnlich befand. Aus dem Audiotagebuch, welches die Person w\u00e4hrend den ersten f\u00fcnf Monaten ihrer Hormontherapie regelm\u00e4ssig f\u00fchrte um ihren Stimmbruch zu verfolgen, wurden alle Seufzer und Lacher entnommen und mit Monatsangaben zu einem kurzen Audioloop montiert. Ein parf\u00fcmierter Hoodie wurde an einem Kleiderb\u00fcgel angebracht, die H\u00f6rer*innen konnten sich dem Kleidungsst\u00fcck ann\u00e4hern und den intimen Zusammenschnitt dieser stimmlichen Transition \u00fcber In-ear Kopfh\u00f6rer h\u00f6ren.<\/p><p>\u00a0<\/p><p>Dauer Loop: 40&#8220;<\/p><p>\u00a0<\/p><p>Material: I-Pod \/ Kleiderb\u00fcgel \/ Jacke \/ Kopfh\u00f6rer<\/p>\t\t\t\t\t\t\t\t<\/div>\n\t\t\t\t<\/div>\n\t\t\t\t\t<\/div>\n\t\t<\/div>\n\t\t\t\t<div class=\"elementor-column elementor-col-50 elementor-inner-column elementor-element elementor-element-f9ee85d\" data-id=\"f9ee85d\" data-element_type=\"column\" data-e-type=\"column\">\n\t\t\t<div class=\"elementor-widget-wrap elementor-element-populated\">\n\t\t\t\t\t\t<div class=\"elementor-element elementor-element-36686363 elementor-widget elementor-widget-image\" data-id=\"36686363\" data-element_type=\"widget\" data-e-type=\"widget\" data-widget_type=\"image.default\">\n\t\t\t\t<div class=\"elementor-widget-container\">\n\t\t\t\t\t\t\t\t\t\t\t\t\t\t\t<img fetchpriority=\"high\" decoding=\"async\" width=\"580\" height=\"870\" src=\"https:\/\/sarahelenamueller.ch\/wp-content\/uploads\/2023\/06\/Personenstand_full_web-1-683x1024.jpg\" class=\"attachment-large size-large wp-image-580\" alt=\"\" srcset=\"https:\/\/sarahelenamueller.ch\/wp-content\/uploads\/2023\/06\/Personenstand_full_web-1-683x1024.jpg 683w, https:\/\/sarahelenamueller.ch\/wp-content\/uploads\/2023\/06\/Personenstand_full_web-1-200x300.jpg 200w, https:\/\/sarahelenamueller.ch\/wp-content\/uploads\/2023\/06\/Personenstand_full_web-1-768x1152.jpg 768w, https:\/\/sarahelenamueller.ch\/wp-content\/uploads\/2023\/06\/Personenstand_full_web-1-1024x1536.jpg 1024w, https:\/\/sarahelenamueller.ch\/wp-content\/uploads\/2023\/06\/Personenstand_full_web-1.jpg 1056w\" sizes=\"(max-width: 580px) 100vw, 580px\" \/>\t\t\t\t\t\t\t\t\t\t\t\t\t\t\t<\/div>\n\t\t\t\t<\/div>\n\t\t\t\t\t<\/div>\n\t\t<\/div>\n\t\t\t\t\t<\/div>\n\t\t<\/section>\n\t\t\t\t\t<\/div>\n\t\t<\/div>\n\t\t\t\t\t<\/div>\n\t\t<\/section>\n\t\t\t\t<\/div>\n\t\t","protected":false},"excerpt":{"rendered":"<p>Personenstandsangleichung Die Audioarbeit &#8222;Personenstandsangleichung&#8220; wurde 2012 aus den gesammelten Aufnahmen einer Person erstellt, die sich in Transition von weiblich zu m\u00e4nnlich befand. Aus dem Audiotagebuch, welches die Person w\u00e4hrend den ersten f\u00fcnf Monaten ihrer Hormontherapie regelm\u00e4ssig f\u00fchrte um ihren Stimmbruch zu verfolgen, wurden alle Seufzer und Lacher entnommen und mit Monatsangaben zu einem kurzen Audioloop [&hellip;]<\/p>\n","protected":false},"author":2,"featured_media":236,"parent":0,"menu_order":0,"comment_status":"closed","ping_status":"closed","template":"","meta":{"footnotes":""},"class_list":["post-81","page","type-page","status-publish","has-post-thumbnail","hentry"],"yoast_head":"<!-- This site is optimized with the Yoast SEO plugin v27.4 - https:\/\/yoast.com\/product\/yoast-seo-wordpress\/ -->\n<title>Fr\u00fche Arbeiten - Sarah Elena M\u00fcller<\/title>\n<meta name=\"robots\" content=\"index, follow, max-snippet:-1, max-image-preview:large, max-video-preview:-1\" \/>\n<link rel=\"canonical\" href=\"https:\/\/sarahelenamueller.ch\/?page_id=81\" \/>\n<meta property=\"og:locale\" content=\"de_DE\" \/>\n<meta property=\"og:type\" content=\"article\" \/>\n<meta property=\"og:title\" content=\"Fr\u00fche Arbeiten - Sarah Elena M\u00fcller\" \/>\n<meta property=\"og:description\" content=\"Personenstandsangleichung Die Audioarbeit &#8222;Personenstandsangleichung&#8220; wurde 2012 aus den gesammelten Aufnahmen einer Person erstellt, die sich in Transition von weiblich zu m\u00e4nnlich befand. Aus dem Audiotagebuch, welches die Person w\u00e4hrend den ersten f\u00fcnf Monaten ihrer Hormontherapie regelm\u00e4ssig f\u00fchrte um ihren Stimmbruch zu verfolgen, wurden alle Seufzer und Lacher entnommen und mit Monatsangaben zu einem kurzen Audioloop [&hellip;]\" \/>\n<meta property=\"og:url\" content=\"https:\/\/sarahelenamueller.ch\/?page_id=81\" \/>\n<meta property=\"og:site_name\" content=\"Sarah Elena M\u00fcller\" \/>\n<meta property=\"article:modified_time\" content=\"2023-06-17T11:48:34+00:00\" \/>\n<meta property=\"og:image\" content=\"https:\/\/sarahelenamueller.ch\/wp-content\/uploads\/2023\/06\/Personenstand_thumb_web-1.jpg\" \/>\n\t<meta property=\"og:image:width\" content=\"927\" \/>\n\t<meta property=\"og:image:height\" content=\"695\" \/>\n\t<meta property=\"og:image:type\" content=\"image\/jpeg\" \/>\n<meta name=\"twitter:card\" content=\"summary_large_image\" \/>\n<meta name=\"twitter:label1\" content=\"Gesch\u00e4tzte Lesezeit\" \/>\n\t<meta name=\"twitter:data1\" content=\"1\u00a0Minute\" \/>\n<script type=\"application\/ld+json\" class=\"yoast-schema-graph\">{\"@context\":\"https:\\\/\\\/schema.org\",\"@graph\":[{\"@type\":\"WebPage\",\"@id\":\"https:\\\/\\\/sarahelenamueller.ch\\\/?page_id=81\",\"url\":\"https:\\\/\\\/sarahelenamueller.ch\\\/?page_id=81\",\"name\":\"Fr\u00fche Arbeiten - Sarah Elena M\u00fcller\",\"isPartOf\":{\"@id\":\"https:\\\/\\\/sarahelenamueller.ch\\\/#website\"},\"primaryImageOfPage\":{\"@id\":\"https:\\\/\\\/sarahelenamueller.ch\\\/?page_id=81#primaryimage\"},\"image\":{\"@id\":\"https:\\\/\\\/sarahelenamueller.ch\\\/?page_id=81#primaryimage\"},\"thumbnailUrl\":\"https:\\\/\\\/sarahelenamueller.ch\\\/wp-content\\\/uploads\\\/2023\\\/06\\\/Personenstand_thumb_web-1.jpg\",\"datePublished\":\"2023-03-30T18:11:29+00:00\",\"dateModified\":\"2023-06-17T11:48:34+00:00\",\"breadcrumb\":{\"@id\":\"https:\\\/\\\/sarahelenamueller.ch\\\/?page_id=81#breadcrumb\"},\"inLanguage\":\"de\",\"potentialAction\":[{\"@type\":\"ReadAction\",\"target\":[\"https:\\\/\\\/sarahelenamueller.ch\\\/?page_id=81\"]}]},{\"@type\":\"ImageObject\",\"inLanguage\":\"de\",\"@id\":\"https:\\\/\\\/sarahelenamueller.ch\\\/?page_id=81#primaryimage\",\"url\":\"https:\\\/\\\/sarahelenamueller.ch\\\/wp-content\\\/uploads\\\/2023\\\/06\\\/Personenstand_thumb_web-1.jpg\",\"contentUrl\":\"https:\\\/\\\/sarahelenamueller.ch\\\/wp-content\\\/uploads\\\/2023\\\/06\\\/Personenstand_thumb_web-1.jpg\",\"width\":927,\"height\":695,\"caption\":\"\u00a9 Anna\u00efk Lou Pitteloud\"},{\"@type\":\"BreadcrumbList\",\"@id\":\"https:\\\/\\\/sarahelenamueller.ch\\\/?page_id=81#breadcrumb\",\"itemListElement\":[{\"@type\":\"ListItem\",\"position\":1,\"name\":\"Startseite\",\"item\":\"https:\\\/\\\/sarahelenamueller.ch\\\/\"},{\"@type\":\"ListItem\",\"position\":2,\"name\":\"Fr\u00fche Arbeiten\"}]},{\"@type\":\"WebSite\",\"@id\":\"https:\\\/\\\/sarahelenamueller.ch\\\/#website\",\"url\":\"https:\\\/\\\/sarahelenamueller.ch\\\/\",\"name\":\"Sarah Elena M\u00fcller\",\"description\":\"\",\"potentialAction\":[{\"@type\":\"SearchAction\",\"target\":{\"@type\":\"EntryPoint\",\"urlTemplate\":\"https:\\\/\\\/sarahelenamueller.ch\\\/?s={search_term_string}\"},\"query-input\":{\"@type\":\"PropertyValueSpecification\",\"valueRequired\":true,\"valueName\":\"search_term_string\"}}],\"inLanguage\":\"de\"}]}<\/script>\n<!-- \/ Yoast SEO plugin. -->","yoast_head_json":{"title":"Fr\u00fche Arbeiten - Sarah Elena M\u00fcller","robots":{"index":"index","follow":"follow","max-snippet":"max-snippet:-1","max-image-preview":"max-image-preview:large","max-video-preview":"max-video-preview:-1"},"canonical":"https:\/\/sarahelenamueller.ch\/?page_id=81","og_locale":"de_DE","og_type":"article","og_title":"Fr\u00fche Arbeiten - Sarah Elena M\u00fcller","og_description":"Personenstandsangleichung Die Audioarbeit &#8222;Personenstandsangleichung&#8220; wurde 2012 aus den gesammelten Aufnahmen einer Person erstellt, die sich in Transition von weiblich zu m\u00e4nnlich befand. Aus dem Audiotagebuch, welches die Person w\u00e4hrend den ersten f\u00fcnf Monaten ihrer Hormontherapie regelm\u00e4ssig f\u00fchrte um ihren Stimmbruch zu verfolgen, wurden alle Seufzer und Lacher entnommen und mit Monatsangaben zu einem kurzen Audioloop [&hellip;]","og_url":"https:\/\/sarahelenamueller.ch\/?page_id=81","og_site_name":"Sarah Elena M\u00fcller","article_modified_time":"2023-06-17T11:48:34+00:00","og_image":[{"width":927,"height":695,"url":"https:\/\/sarahelenamueller.ch\/wp-content\/uploads\/2023\/06\/Personenstand_thumb_web-1.jpg","type":"image\/jpeg"}],"twitter_card":"summary_large_image","twitter_misc":{"Gesch\u00e4tzte Lesezeit":"1\u00a0Minute"},"schema":{"@context":"https:\/\/schema.org","@graph":[{"@type":"WebPage","@id":"https:\/\/sarahelenamueller.ch\/?page_id=81","url":"https:\/\/sarahelenamueller.ch\/?page_id=81","name":"Fr\u00fche Arbeiten - Sarah Elena M\u00fcller","isPartOf":{"@id":"https:\/\/sarahelenamueller.ch\/#website"},"primaryImageOfPage":{"@id":"https:\/\/sarahelenamueller.ch\/?page_id=81#primaryimage"},"image":{"@id":"https:\/\/sarahelenamueller.ch\/?page_id=81#primaryimage"},"thumbnailUrl":"https:\/\/sarahelenamueller.ch\/wp-content\/uploads\/2023\/06\/Personenstand_thumb_web-1.jpg","datePublished":"2023-03-30T18:11:29+00:00","dateModified":"2023-06-17T11:48:34+00:00","breadcrumb":{"@id":"https:\/\/sarahelenamueller.ch\/?page_id=81#breadcrumb"},"inLanguage":"de","potentialAction":[{"@type":"ReadAction","target":["https:\/\/sarahelenamueller.ch\/?page_id=81"]}]},{"@type":"ImageObject","inLanguage":"de","@id":"https:\/\/sarahelenamueller.ch\/?page_id=81#primaryimage","url":"https:\/\/sarahelenamueller.ch\/wp-content\/uploads\/2023\/06\/Personenstand_thumb_web-1.jpg","contentUrl":"https:\/\/sarahelenamueller.ch\/wp-content\/uploads\/2023\/06\/Personenstand_thumb_web-1.jpg","width":927,"height":695,"caption":"\u00a9 Anna\u00efk Lou Pitteloud"},{"@type":"BreadcrumbList","@id":"https:\/\/sarahelenamueller.ch\/?page_id=81#breadcrumb","itemListElement":[{"@type":"ListItem","position":1,"name":"Startseite","item":"https:\/\/sarahelenamueller.ch\/"},{"@type":"ListItem","position":2,"name":"Fr\u00fche Arbeiten"}]},{"@type":"WebSite","@id":"https:\/\/sarahelenamueller.ch\/#website","url":"https:\/\/sarahelenamueller.ch\/","name":"Sarah Elena M\u00fcller","description":"","potentialAction":[{"@type":"SearchAction","target":{"@type":"EntryPoint","urlTemplate":"https:\/\/sarahelenamueller.ch\/?s={search_term_string}"},"query-input":{"@type":"PropertyValueSpecification","valueRequired":true,"valueName":"search_term_string"}}],"inLanguage":"de"}]}},"_links":{"self":[{"href":"https:\/\/sarahelenamueller.ch\/index.php?rest_route=\/wp\/v2\/pages\/81","targetHints":{"allow":["GET"]}}],"collection":[{"href":"https:\/\/sarahelenamueller.ch\/index.php?rest_route=\/wp\/v2\/pages"}],"about":[{"href":"https:\/\/sarahelenamueller.ch\/index.php?rest_route=\/wp\/v2\/types\/page"}],"author":[{"embeddable":true,"href":"https:\/\/sarahelenamueller.ch\/index.php?rest_route=\/wp\/v2\/users\/2"}],"replies":[{"embeddable":true,"href":"https:\/\/sarahelenamueller.ch\/index.php?rest_route=%2Fwp%2Fv2%2Fcomments&post=81"}],"version-history":[{"count":11,"href":"https:\/\/sarahelenamueller.ch\/index.php?rest_route=\/wp\/v2\/pages\/81\/revisions"}],"predecessor-version":[{"id":583,"href":"https:\/\/sarahelenamueller.ch\/index.php?rest_route=\/wp\/v2\/pages\/81\/revisions\/583"}],"wp:featuredmedia":[{"embeddable":true,"href":"https:\/\/sarahelenamueller.ch\/index.php?rest_route=\/wp\/v2\/media\/236"}],"wp:attachment":[{"href":"https:\/\/sarahelenamueller.ch\/index.php?rest_route=%2Fwp%2Fv2%2Fmedia&parent=81"}],"curies":[{"name":"wp","href":"https:\/\/api.w.org\/{rel}","templated":true}]}}