{"id":75,"date":"2023-05-04T18:11:29","date_gmt":"2023-05-04T18:11:29","guid":{"rendered":"https:\/\/sarahelenamueller.ch.hera.ch-meta.net\/test_1\/?page_id=75"},"modified":"2023-06-16T11:26:39","modified_gmt":"2023-06-16T11:26:39","slug":"incomoda-mentalmente-andando","status":"publish","type":"page","link":"https:\/\/sarahelenamueller.ch\/?page_id=75","title":{"rendered":"Incomoda mentalmente andando"},"content":{"rendered":"\t\t<div data-elementor-type=\"wp-page\" data-elementor-id=\"75\" class=\"elementor elementor-75\" data-elementor-post-type=\"page\">\n\t\t\t\t\t\t<section class=\"elementor-section elementor-top-section elementor-element elementor-element-687675b elementor-section-stretched elementor-section-boxed elementor-section-height-default elementor-section-height-default\" data-id=\"687675b\" data-element_type=\"section\" data-e-type=\"section\" data-settings=\"{&quot;stretch_section&quot;:&quot;section-stretched&quot;}\">\n\t\t\t\t\t\t<div class=\"elementor-container elementor-column-gap-default\">\n\t\t\t\t\t<div class=\"elementor-column elementor-col-100 elementor-top-column elementor-element elementor-element-65700255\" data-id=\"65700255\" data-element_type=\"column\" data-e-type=\"column\">\n\t\t\t<div class=\"elementor-widget-wrap elementor-element-populated\">\n\t\t\t\t\t\t<section class=\"elementor-section elementor-inner-section elementor-element elementor-element-741fdd40 elementor-section-boxed elementor-section-height-default elementor-section-height-default\" data-id=\"741fdd40\" data-element_type=\"section\" data-e-type=\"section\">\n\t\t\t\t\t\t<div class=\"elementor-container elementor-column-gap-default\">\n\t\t\t\t\t<div class=\"elementor-column elementor-col-50 elementor-inner-column elementor-element elementor-element-42ccee8\" data-id=\"42ccee8\" data-element_type=\"column\" data-e-type=\"column\">\n\t\t\t<div class=\"elementor-widget-wrap elementor-element-populated\">\n\t\t\t\t\t\t<div class=\"elementor-element elementor-element-4792e2cd elementor-widget elementor-widget-text-editor\" data-id=\"4792e2cd\" data-element_type=\"widget\" data-e-type=\"widget\" data-widget_type=\"text-editor.default\">\n\t\t\t\t<div class=\"elementor-widget-container\">\n\t\t\t\t\t\t\t\t\t<p>Die Videoarbeit zeigt die Beine einer Person, die \u00fcber verschiedene Untergr\u00fcnde \/B\u00f6den in Nordspanien geht. Die Offstimme f\u00fchrt ein zunehmend dissoziatives Selbstgespr\u00e4ch \u00fcber Begegnung, Erfindung und gedankliche Verfolgung durch innere Dimensionen, ger\u00e4t einen gedanklichen Strudel und spricht sich immer loser vom &#8222;Du&#8220; zum Grund zum Bild zum Schritt. Der Titel der Arbeit kann frei \u00fcbersetzt werden mit: ungem\u00fctliches, gedankliches Gehen. Er enstand, als ein Passant die Filmende darauf ansprach, was ich hier festhalten w\u00fcrde. Die Videoinstallation wurde im Rahmen der Ausstellung \u201eWerke sind Wesen\u201c im Fr\u00fchling 2014 in der <a href=\"https:\/\/villa-renata.ch\/frueher\" target=\"_blank\" rel=\"noopener\">Villa Renata<\/a> in Basel gezeigt. Das Video wurde direkt auf die Kellerwand projiziert, deren grobe Mauersteine den Eindruck eines doppelten Bodens erweckten.<\/p>\t\t\t\t\t\t\t\t<\/div>\n\t\t\t\t<\/div>\n\t\t\t\t\t<\/div>\n\t\t<\/div>\n\t\t\t\t<div class=\"elementor-column elementor-col-50 elementor-inner-column elementor-element elementor-element-76decd44\" data-id=\"76decd44\" data-element_type=\"column\" data-e-type=\"column\">\n\t\t\t<div class=\"elementor-widget-wrap elementor-element-populated\">\n\t\t\t\t\t\t<div class=\"elementor-element elementor-element-7ed9e194 elementor-widget elementor-widget-image\" data-id=\"7ed9e194\" data-element_type=\"widget\" data-e-type=\"widget\" data-widget_type=\"image.default\">\n\t\t\t\t<div class=\"elementor-widget-container\">\n\t\t\t\t\t\t\t\t\t\t\t\t\t\t\t<img fetchpriority=\"high\" decoding=\"async\" width=\"580\" height=\"387\" src=\"https:\/\/sarahelenamueller.ch\/wp-content\/uploads\/2023\/06\/IMA_web-1024x683.jpg\" class=\"attachment-large size-large wp-image-234\" alt=\"\" srcset=\"https:\/\/sarahelenamueller.ch\/wp-content\/uploads\/2023\/06\/IMA_web-1024x683.jpg 1024w, https:\/\/sarahelenamueller.ch\/wp-content\/uploads\/2023\/06\/IMA_web-300x200.jpg 300w, https:\/\/sarahelenamueller.ch\/wp-content\/uploads\/2023\/06\/IMA_web-768x512.jpg 768w, https:\/\/sarahelenamueller.ch\/wp-content\/uploads\/2023\/06\/IMA_web.jpg 1200w\" sizes=\"(max-width: 580px) 100vw, 580px\" \/>\t\t\t\t\t\t\t\t\t\t\t\t\t\t\t<\/div>\n\t\t\t\t<\/div>\n\t\t\t\t<div class=\"elementor-element elementor-element-6aaaa5d elementor-widget elementor-widget-text-editor\" data-id=\"6aaaa5d\" data-element_type=\"widget\" data-e-type=\"widget\" data-widget_type=\"text-editor.default\">\n\t\t\t\t<div class=\"elementor-widget-container\">\n\t\t\t\t\t\t\t\t\t<p>Dauer Loop: 6\u201804\u201c<br \/>Format: 16:9 \/ Stereo<br \/>Text &amp; Montage: Sarah Elena M\u00fcller <br \/>Sprecherin: Lisa Wilfert<\/p><p>\u00a0<\/p>\t\t\t\t\t\t\t\t<\/div>\n\t\t\t\t<\/div>\n\t\t\t\t\t<\/div>\n\t\t<\/div>\n\t\t\t\t\t<\/div>\n\t\t<\/section>\n\t\t\t\t<div class=\"elementor-element elementor-element-58d294f1 elementor-widget elementor-widget-video\" data-id=\"58d294f1\" data-element_type=\"widget\" data-e-type=\"widget\" data-settings=\"{&quot;video_type&quot;:&quot;vimeo&quot;}\" data-widget_type=\"video.default\">\n\t\t\t\t<div class=\"elementor-widget-container\">\n\t\t\t\t\t\t\t<div class=\"elementor-wrapper elementor-open-inline\">\n\t\t\t<iframe class=\"elementor-video-iframe\" allowfullscreen allow=\"clipboard-write\" title=\"vimeo Video Player\" src=\"https:\/\/player.vimeo.com\/video\/149425228?color&amp;autopause=0&amp;loop=0&amp;muted=0&amp;title=1&amp;portrait=1&amp;byline=1#t=\"><\/iframe>\t\t<\/div>\n\t\t\t\t\t\t<\/div>\n\t\t\t\t<\/div>\n\t\t\t\t\t<\/div>\n\t\t<\/div>\n\t\t\t\t\t<\/div>\n\t\t<\/section>\n\t\t\t\t<\/div>\n\t\t","protected":false},"excerpt":{"rendered":"<p>Die Videoarbeit zeigt die Beine einer Person, die \u00fcber verschiedene Untergr\u00fcnde \/B\u00f6den in Nordspanien geht. Die Offstimme f\u00fchrt ein zunehmend dissoziatives Selbstgespr\u00e4ch \u00fcber Begegnung, Erfindung und gedankliche Verfolgung durch innere Dimensionen, ger\u00e4t einen gedanklichen Strudel und spricht sich immer loser vom &#8222;Du&#8220; zum Grund zum Bild zum Schritt. Der Titel der Arbeit kann frei \u00fcbersetzt [&hellip;]<\/p>\n","protected":false},"author":2,"featured_media":233,"parent":0,"menu_order":0,"comment_status":"closed","ping_status":"closed","template":"","meta":{"footnotes":""},"class_list":["post-75","page","type-page","status-publish","has-post-thumbnail","hentry"],"yoast_head":"<!-- This site is optimized with the Yoast SEO plugin v27.4 - https:\/\/yoast.com\/product\/yoast-seo-wordpress\/ -->\n<title>Incomoda mentalmente andando - Sarah Elena M\u00fcller<\/title>\n<meta name=\"robots\" content=\"index, follow, max-snippet:-1, max-image-preview:large, max-video-preview:-1\" \/>\n<link rel=\"canonical\" href=\"https:\/\/sarahelenamueller.ch\/?page_id=75\" \/>\n<meta property=\"og:locale\" content=\"de_DE\" \/>\n<meta property=\"og:type\" content=\"article\" \/>\n<meta property=\"og:title\" content=\"Incomoda mentalmente andando - Sarah Elena M\u00fcller\" \/>\n<meta property=\"og:description\" content=\"Die Videoarbeit zeigt die Beine einer Person, die \u00fcber verschiedene Untergr\u00fcnde \/B\u00f6den in Nordspanien geht. Die Offstimme f\u00fchrt ein zunehmend dissoziatives Selbstgespr\u00e4ch \u00fcber Begegnung, Erfindung und gedankliche Verfolgung durch innere Dimensionen, ger\u00e4t einen gedanklichen Strudel und spricht sich immer loser vom &#8222;Du&#8220; zum Grund zum Bild zum Schritt. Der Titel der Arbeit kann frei \u00fcbersetzt [&hellip;]\" \/>\n<meta property=\"og:url\" content=\"https:\/\/sarahelenamueller.ch\/?page_id=75\" \/>\n<meta property=\"og:site_name\" content=\"Sarah Elena M\u00fcller\" \/>\n<meta property=\"article:modified_time\" content=\"2023-06-16T11:26:39+00:00\" \/>\n<meta property=\"og:image\" content=\"https:\/\/sarahelenamueller.ch\/wp-content\/uploads\/2023\/06\/IMA_web_2.jpg\" \/>\n\t<meta property=\"og:image:width\" content=\"1000\" \/>\n\t<meta property=\"og:image:height\" content=\"667\" \/>\n\t<meta property=\"og:image:type\" content=\"image\/jpeg\" \/>\n<meta name=\"twitter:card\" content=\"summary_large_image\" \/>\n<meta name=\"twitter:label1\" content=\"Gesch\u00e4tzte Lesezeit\" \/>\n\t<meta name=\"twitter:data1\" content=\"1\u00a0Minute\" \/>\n<script type=\"application\/ld+json\" class=\"yoast-schema-graph\">{\"@context\":\"https:\\\/\\\/schema.org\",\"@graph\":[{\"@type\":\"WebPage\",\"@id\":\"https:\\\/\\\/sarahelenamueller.ch\\\/?page_id=75\",\"url\":\"https:\\\/\\\/sarahelenamueller.ch\\\/?page_id=75\",\"name\":\"Incomoda mentalmente andando - Sarah Elena M\u00fcller\",\"isPartOf\":{\"@id\":\"https:\\\/\\\/sarahelenamueller.ch\\\/#website\"},\"primaryImageOfPage\":{\"@id\":\"https:\\\/\\\/sarahelenamueller.ch\\\/?page_id=75#primaryimage\"},\"image\":{\"@id\":\"https:\\\/\\\/sarahelenamueller.ch\\\/?page_id=75#primaryimage\"},\"thumbnailUrl\":\"https:\\\/\\\/sarahelenamueller.ch\\\/wp-content\\\/uploads\\\/2023\\\/06\\\/IMA_web_2.jpg\",\"datePublished\":\"2023-05-04T18:11:29+00:00\",\"dateModified\":\"2023-06-16T11:26:39+00:00\",\"breadcrumb\":{\"@id\":\"https:\\\/\\\/sarahelenamueller.ch\\\/?page_id=75#breadcrumb\"},\"inLanguage\":\"de\",\"potentialAction\":[{\"@type\":\"ReadAction\",\"target\":[\"https:\\\/\\\/sarahelenamueller.ch\\\/?page_id=75\"]}]},{\"@type\":\"ImageObject\",\"inLanguage\":\"de\",\"@id\":\"https:\\\/\\\/sarahelenamueller.ch\\\/?page_id=75#primaryimage\",\"url\":\"https:\\\/\\\/sarahelenamueller.ch\\\/wp-content\\\/uploads\\\/2023\\\/06\\\/IMA_web_2.jpg\",\"contentUrl\":\"https:\\\/\\\/sarahelenamueller.ch\\\/wp-content\\\/uploads\\\/2023\\\/06\\\/IMA_web_2.jpg\",\"width\":1000,\"height\":667,\"caption\":\"\u00a9 Sebastian Tackmann\"},{\"@type\":\"BreadcrumbList\",\"@id\":\"https:\\\/\\\/sarahelenamueller.ch\\\/?page_id=75#breadcrumb\",\"itemListElement\":[{\"@type\":\"ListItem\",\"position\":1,\"name\":\"Startseite\",\"item\":\"https:\\\/\\\/sarahelenamueller.ch\\\/\"},{\"@type\":\"ListItem\",\"position\":2,\"name\":\"Incomoda mentalmente andando\"}]},{\"@type\":\"WebSite\",\"@id\":\"https:\\\/\\\/sarahelenamueller.ch\\\/#website\",\"url\":\"https:\\\/\\\/sarahelenamueller.ch\\\/\",\"name\":\"Sarah Elena M\u00fcller\",\"description\":\"\",\"potentialAction\":[{\"@type\":\"SearchAction\",\"target\":{\"@type\":\"EntryPoint\",\"urlTemplate\":\"https:\\\/\\\/sarahelenamueller.ch\\\/?s={search_term_string}\"},\"query-input\":{\"@type\":\"PropertyValueSpecification\",\"valueRequired\":true,\"valueName\":\"search_term_string\"}}],\"inLanguage\":\"de\"}]}<\/script>\n<!-- \/ Yoast SEO plugin. -->","yoast_head_json":{"title":"Incomoda mentalmente andando - Sarah Elena M\u00fcller","robots":{"index":"index","follow":"follow","max-snippet":"max-snippet:-1","max-image-preview":"max-image-preview:large","max-video-preview":"max-video-preview:-1"},"canonical":"https:\/\/sarahelenamueller.ch\/?page_id=75","og_locale":"de_DE","og_type":"article","og_title":"Incomoda mentalmente andando - Sarah Elena M\u00fcller","og_description":"Die Videoarbeit zeigt die Beine einer Person, die \u00fcber verschiedene Untergr\u00fcnde \/B\u00f6den in Nordspanien geht. Die Offstimme f\u00fchrt ein zunehmend dissoziatives Selbstgespr\u00e4ch \u00fcber Begegnung, Erfindung und gedankliche Verfolgung durch innere Dimensionen, ger\u00e4t einen gedanklichen Strudel und spricht sich immer loser vom &#8222;Du&#8220; zum Grund zum Bild zum Schritt. Der Titel der Arbeit kann frei \u00fcbersetzt [&hellip;]","og_url":"https:\/\/sarahelenamueller.ch\/?page_id=75","og_site_name":"Sarah Elena M\u00fcller","article_modified_time":"2023-06-16T11:26:39+00:00","og_image":[{"width":1000,"height":667,"url":"https:\/\/sarahelenamueller.ch\/wp-content\/uploads\/2023\/06\/IMA_web_2.jpg","type":"image\/jpeg"}],"twitter_card":"summary_large_image","twitter_misc":{"Gesch\u00e4tzte Lesezeit":"1\u00a0Minute"},"schema":{"@context":"https:\/\/schema.org","@graph":[{"@type":"WebPage","@id":"https:\/\/sarahelenamueller.ch\/?page_id=75","url":"https:\/\/sarahelenamueller.ch\/?page_id=75","name":"Incomoda mentalmente andando - Sarah Elena M\u00fcller","isPartOf":{"@id":"https:\/\/sarahelenamueller.ch\/#website"},"primaryImageOfPage":{"@id":"https:\/\/sarahelenamueller.ch\/?page_id=75#primaryimage"},"image":{"@id":"https:\/\/sarahelenamueller.ch\/?page_id=75#primaryimage"},"thumbnailUrl":"https:\/\/sarahelenamueller.ch\/wp-content\/uploads\/2023\/06\/IMA_web_2.jpg","datePublished":"2023-05-04T18:11:29+00:00","dateModified":"2023-06-16T11:26:39+00:00","breadcrumb":{"@id":"https:\/\/sarahelenamueller.ch\/?page_id=75#breadcrumb"},"inLanguage":"de","potentialAction":[{"@type":"ReadAction","target":["https:\/\/sarahelenamueller.ch\/?page_id=75"]}]},{"@type":"ImageObject","inLanguage":"de","@id":"https:\/\/sarahelenamueller.ch\/?page_id=75#primaryimage","url":"https:\/\/sarahelenamueller.ch\/wp-content\/uploads\/2023\/06\/IMA_web_2.jpg","contentUrl":"https:\/\/sarahelenamueller.ch\/wp-content\/uploads\/2023\/06\/IMA_web_2.jpg","width":1000,"height":667,"caption":"\u00a9 Sebastian Tackmann"},{"@type":"BreadcrumbList","@id":"https:\/\/sarahelenamueller.ch\/?page_id=75#breadcrumb","itemListElement":[{"@type":"ListItem","position":1,"name":"Startseite","item":"https:\/\/sarahelenamueller.ch\/"},{"@type":"ListItem","position":2,"name":"Incomoda mentalmente andando"}]},{"@type":"WebSite","@id":"https:\/\/sarahelenamueller.ch\/#website","url":"https:\/\/sarahelenamueller.ch\/","name":"Sarah Elena M\u00fcller","description":"","potentialAction":[{"@type":"SearchAction","target":{"@type":"EntryPoint","urlTemplate":"https:\/\/sarahelenamueller.ch\/?s={search_term_string}"},"query-input":{"@type":"PropertyValueSpecification","valueRequired":true,"valueName":"search_term_string"}}],"inLanguage":"de"}]}},"_links":{"self":[{"href":"https:\/\/sarahelenamueller.ch\/index.php?rest_route=\/wp\/v2\/pages\/75","targetHints":{"allow":["GET"]}}],"collection":[{"href":"https:\/\/sarahelenamueller.ch\/index.php?rest_route=\/wp\/v2\/pages"}],"about":[{"href":"https:\/\/sarahelenamueller.ch\/index.php?rest_route=\/wp\/v2\/types\/page"}],"author":[{"embeddable":true,"href":"https:\/\/sarahelenamueller.ch\/index.php?rest_route=\/wp\/v2\/users\/2"}],"replies":[{"embeddable":true,"href":"https:\/\/sarahelenamueller.ch\/index.php?rest_route=%2Fwp%2Fv2%2Fcomments&post=75"}],"version-history":[{"count":12,"href":"https:\/\/sarahelenamueller.ch\/index.php?rest_route=\/wp\/v2\/pages\/75\/revisions"}],"predecessor-version":[{"id":379,"href":"https:\/\/sarahelenamueller.ch\/index.php?rest_route=\/wp\/v2\/pages\/75\/revisions\/379"}],"wp:featuredmedia":[{"embeddable":true,"href":"https:\/\/sarahelenamueller.ch\/index.php?rest_route=\/wp\/v2\/media\/233"}],"wp:attachment":[{"href":"https:\/\/sarahelenamueller.ch\/index.php?rest_route=%2Fwp%2Fv2%2Fmedia&parent=75"}],"curies":[{"name":"wp","href":"https:\/\/api.w.org\/{rel}","templated":true}]}}