{"id":72,"date":"2023-05-16T18:11:28","date_gmt":"2023-05-16T18:11:28","guid":{"rendered":"https:\/\/sarahelenamueller.ch.hera.ch-meta.net\/test_1\/?page_id=72"},"modified":"2023-06-15T15:45:11","modified_gmt":"2023-06-15T15:45:11","slug":"menschenmensch-or-what-a-gaze-can-do","status":"publish","type":"page","link":"https:\/\/sarahelenamueller.ch\/?page_id=72","title":{"rendered":"Menschenmensch &#8211; or what a gaze can do"},"content":{"rendered":"\t\t<div data-elementor-type=\"wp-page\" data-elementor-id=\"72\" class=\"elementor elementor-72\" data-elementor-post-type=\"page\">\n\t\t\t\t\t\t<section class=\"elementor-section elementor-top-section elementor-element elementor-element-10105c0 elementor-section-stretched elementor-section-boxed elementor-section-height-default elementor-section-height-default\" data-id=\"10105c0\" data-element_type=\"section\" data-e-type=\"section\" data-settings=\"{&quot;stretch_section&quot;:&quot;section-stretched&quot;}\">\n\t\t\t\t\t\t<div class=\"elementor-container elementor-column-gap-default\">\n\t\t\t\t\t<div class=\"elementor-column elementor-col-100 elementor-top-column elementor-element elementor-element-371db7f8\" data-id=\"371db7f8\" data-element_type=\"column\" data-e-type=\"column\">\n\t\t\t<div class=\"elementor-widget-wrap elementor-element-populated\">\n\t\t\t\t\t\t<div class=\"elementor-element elementor-element-4d9fc951 elementor-widget elementor-widget-text-editor\" data-id=\"4d9fc951\" data-element_type=\"widget\" data-e-type=\"widget\" data-widget_type=\"text-editor.default\">\n\t\t\t\t<div class=\"elementor-widget-container\">\n\t\t\t\t\t\t\t\t\t<p>In der Audioarbeit wird der Mensch als Protagonist, aber auch als Verantwortlicher f\u00fcr das Menschsein an sich und Ansprechperson f\u00fcr alle m\u00f6glichen Beschuldigungen abgehandelt. Ausgangspunkt daf\u00fcr ist sein Gesicht. Dieses ger\u00e4t in eine ungem\u00fctliche Situation, rein durch Betrachtung. Es wird befragt und stellt selbst Fragen, es bekommt eine Stimme und wird von der Gesellschaft arg zugerichtet, es wird zum Individuum, zum denkenden Objekt, zum Opfer erkl\u00e4rt und muss f\u00fcr den Menschen gerade stehen.<\/p><p><br \/>Sprachen: Deutsch \/ Englisch<\/p>\t\t\t\t\t\t\t\t<\/div>\n\t\t\t\t<\/div>\n\t\t\t\t<div class=\"elementor-element elementor-element-648fd849 elementor-widget elementor-widget-audio\" data-id=\"648fd849\" data-element_type=\"widget\" data-e-type=\"widget\" data-widget_type=\"audio.default\">\n\t\t\t\t<div class=\"elementor-widget-container\">\n\t\t\t\t\t\t\t\t<div class=\"elementor-soundcloud-wrapper\">\n\t\t\t\t<iframe width=\"580\" height=\"200\" frameborder=\"no\" src=\"https:\/\/w.soundcloud.com\/player\/?visual=false&#038;url=https%3A%2F%2Fapi.soundcloud.com%2Ftracks%2F238142065&#038;show_artwork=true&#038;maxheight=870&#038;maxwidth=580&#038;auto_play=false&#038;buying=false&#038;liking=false&#038;download=false&#038;sharing=false&#038;show_comments=false&#038;show_playcount=false&#038;show_user=false&#038;color\"><\/iframe>\t\t\t<\/div>\n\t\t\t\t\t\t\t<\/div>\n\t\t\t\t<\/div>\n\t\t\t\t\t<\/div>\n\t\t<\/div>\n\t\t\t\t\t<\/div>\n\t\t<\/section>\n\t\t\t\t<\/div>\n\t\t","protected":false},"excerpt":{"rendered":"<p>In der Audioarbeit wird der Mensch als Protagonist, aber auch als Verantwortlicher f\u00fcr das Menschsein an sich und Ansprechperson f\u00fcr alle m\u00f6glichen Beschuldigungen abgehandelt. Ausgangspunkt daf\u00fcr ist sein Gesicht. Dieses ger\u00e4t in eine ungem\u00fctliche Situation, rein durch Betrachtung. Es wird befragt und stellt selbst Fragen, es bekommt eine Stimme und wird von der Gesellschaft arg [&hellip;]<\/p>\n","protected":false},"author":2,"featured_media":247,"parent":0,"menu_order":0,"comment_status":"closed","ping_status":"closed","template":"","meta":{"footnotes":""},"class_list":["post-72","page","type-page","status-publish","has-post-thumbnail","hentry"],"yoast_head":"<!-- This site is optimized with the Yoast SEO plugin v27.4 - https:\/\/yoast.com\/product\/yoast-seo-wordpress\/ -->\n<title>Menschenmensch - or what a gaze can do - Sarah Elena M\u00fcller<\/title>\n<meta name=\"robots\" content=\"index, follow, max-snippet:-1, max-image-preview:large, max-video-preview:-1\" \/>\n<link rel=\"canonical\" href=\"https:\/\/sarahelenamueller.ch\/?page_id=72\" \/>\n<meta property=\"og:locale\" content=\"de_DE\" \/>\n<meta property=\"og:type\" content=\"article\" \/>\n<meta property=\"og:title\" content=\"Menschenmensch - or what a gaze can do - Sarah Elena M\u00fcller\" \/>\n<meta property=\"og:description\" content=\"In der Audioarbeit wird der Mensch als Protagonist, aber auch als Verantwortlicher f\u00fcr das Menschsein an sich und Ansprechperson f\u00fcr alle m\u00f6glichen Beschuldigungen abgehandelt. Ausgangspunkt daf\u00fcr ist sein Gesicht. Dieses ger\u00e4t in eine ungem\u00fctliche Situation, rein durch Betrachtung. Es wird befragt und stellt selbst Fragen, es bekommt eine Stimme und wird von der Gesellschaft arg [&hellip;]\" \/>\n<meta property=\"og:url\" content=\"https:\/\/sarahelenamueller.ch\/?page_id=72\" \/>\n<meta property=\"og:site_name\" content=\"Sarah Elena M\u00fcller\" \/>\n<meta property=\"article:modified_time\" content=\"2023-06-15T15:45:11+00:00\" \/>\n<meta property=\"og:image\" content=\"https:\/\/sarahelenamueller.ch\/wp-content\/uploads\/2023\/06\/82.jpg\" \/>\n\t<meta property=\"og:image:width\" content=\"1000\" \/>\n\t<meta property=\"og:image:height\" content=\"1332\" \/>\n\t<meta property=\"og:image:type\" content=\"image\/jpeg\" \/>\n<meta name=\"twitter:card\" content=\"summary_large_image\" \/>\n<meta name=\"twitter:label1\" content=\"Gesch\u00e4tzte Lesezeit\" \/>\n\t<meta name=\"twitter:data1\" content=\"1\u00a0Minute\" \/>\n<script type=\"application\/ld+json\" class=\"yoast-schema-graph\">{\"@context\":\"https:\\\/\\\/schema.org\",\"@graph\":[{\"@type\":\"WebPage\",\"@id\":\"https:\\\/\\\/sarahelenamueller.ch\\\/?page_id=72\",\"url\":\"https:\\\/\\\/sarahelenamueller.ch\\\/?page_id=72\",\"name\":\"Menschenmensch - or what a gaze can do - Sarah Elena M\u00fcller\",\"isPartOf\":{\"@id\":\"https:\\\/\\\/sarahelenamueller.ch\\\/#website\"},\"primaryImageOfPage\":{\"@id\":\"https:\\\/\\\/sarahelenamueller.ch\\\/?page_id=72#primaryimage\"},\"image\":{\"@id\":\"https:\\\/\\\/sarahelenamueller.ch\\\/?page_id=72#primaryimage\"},\"thumbnailUrl\":\"https:\\\/\\\/sarahelenamueller.ch\\\/wp-content\\\/uploads\\\/2023\\\/06\\\/82.jpg\",\"datePublished\":\"2023-05-16T18:11:28+00:00\",\"dateModified\":\"2023-06-15T15:45:11+00:00\",\"breadcrumb\":{\"@id\":\"https:\\\/\\\/sarahelenamueller.ch\\\/?page_id=72#breadcrumb\"},\"inLanguage\":\"de\",\"potentialAction\":[{\"@type\":\"ReadAction\",\"target\":[\"https:\\\/\\\/sarahelenamueller.ch\\\/?page_id=72\"]}]},{\"@type\":\"ImageObject\",\"inLanguage\":\"de\",\"@id\":\"https:\\\/\\\/sarahelenamueller.ch\\\/?page_id=72#primaryimage\",\"url\":\"https:\\\/\\\/sarahelenamueller.ch\\\/wp-content\\\/uploads\\\/2023\\\/06\\\/82.jpg\",\"contentUrl\":\"https:\\\/\\\/sarahelenamueller.ch\\\/wp-content\\\/uploads\\\/2023\\\/06\\\/82.jpg\",\"width\":1000,\"height\":1332},{\"@type\":\"BreadcrumbList\",\"@id\":\"https:\\\/\\\/sarahelenamueller.ch\\\/?page_id=72#breadcrumb\",\"itemListElement\":[{\"@type\":\"ListItem\",\"position\":1,\"name\":\"Startseite\",\"item\":\"https:\\\/\\\/sarahelenamueller.ch\\\/\"},{\"@type\":\"ListItem\",\"position\":2,\"name\":\"Menschenmensch &#8211; or what a gaze can do\"}]},{\"@type\":\"WebSite\",\"@id\":\"https:\\\/\\\/sarahelenamueller.ch\\\/#website\",\"url\":\"https:\\\/\\\/sarahelenamueller.ch\\\/\",\"name\":\"Sarah Elena M\u00fcller\",\"description\":\"\",\"potentialAction\":[{\"@type\":\"SearchAction\",\"target\":{\"@type\":\"EntryPoint\",\"urlTemplate\":\"https:\\\/\\\/sarahelenamueller.ch\\\/?s={search_term_string}\"},\"query-input\":{\"@type\":\"PropertyValueSpecification\",\"valueRequired\":true,\"valueName\":\"search_term_string\"}}],\"inLanguage\":\"de\"}]}<\/script>\n<!-- \/ Yoast SEO plugin. -->","yoast_head_json":{"title":"Menschenmensch - or what a gaze can do - Sarah Elena M\u00fcller","robots":{"index":"index","follow":"follow","max-snippet":"max-snippet:-1","max-image-preview":"max-image-preview:large","max-video-preview":"max-video-preview:-1"},"canonical":"https:\/\/sarahelenamueller.ch\/?page_id=72","og_locale":"de_DE","og_type":"article","og_title":"Menschenmensch - or what a gaze can do - Sarah Elena M\u00fcller","og_description":"In der Audioarbeit wird der Mensch als Protagonist, aber auch als Verantwortlicher f\u00fcr das Menschsein an sich und Ansprechperson f\u00fcr alle m\u00f6glichen Beschuldigungen abgehandelt. Ausgangspunkt daf\u00fcr ist sein Gesicht. Dieses ger\u00e4t in eine ungem\u00fctliche Situation, rein durch Betrachtung. Es wird befragt und stellt selbst Fragen, es bekommt eine Stimme und wird von der Gesellschaft arg [&hellip;]","og_url":"https:\/\/sarahelenamueller.ch\/?page_id=72","og_site_name":"Sarah Elena M\u00fcller","article_modified_time":"2023-06-15T15:45:11+00:00","og_image":[{"width":1000,"height":1332,"url":"https:\/\/sarahelenamueller.ch\/wp-content\/uploads\/2023\/06\/82.jpg","type":"image\/jpeg"}],"twitter_card":"summary_large_image","twitter_misc":{"Gesch\u00e4tzte Lesezeit":"1\u00a0Minute"},"schema":{"@context":"https:\/\/schema.org","@graph":[{"@type":"WebPage","@id":"https:\/\/sarahelenamueller.ch\/?page_id=72","url":"https:\/\/sarahelenamueller.ch\/?page_id=72","name":"Menschenmensch - or what a gaze can do - Sarah Elena M\u00fcller","isPartOf":{"@id":"https:\/\/sarahelenamueller.ch\/#website"},"primaryImageOfPage":{"@id":"https:\/\/sarahelenamueller.ch\/?page_id=72#primaryimage"},"image":{"@id":"https:\/\/sarahelenamueller.ch\/?page_id=72#primaryimage"},"thumbnailUrl":"https:\/\/sarahelenamueller.ch\/wp-content\/uploads\/2023\/06\/82.jpg","datePublished":"2023-05-16T18:11:28+00:00","dateModified":"2023-06-15T15:45:11+00:00","breadcrumb":{"@id":"https:\/\/sarahelenamueller.ch\/?page_id=72#breadcrumb"},"inLanguage":"de","potentialAction":[{"@type":"ReadAction","target":["https:\/\/sarahelenamueller.ch\/?page_id=72"]}]},{"@type":"ImageObject","inLanguage":"de","@id":"https:\/\/sarahelenamueller.ch\/?page_id=72#primaryimage","url":"https:\/\/sarahelenamueller.ch\/wp-content\/uploads\/2023\/06\/82.jpg","contentUrl":"https:\/\/sarahelenamueller.ch\/wp-content\/uploads\/2023\/06\/82.jpg","width":1000,"height":1332},{"@type":"BreadcrumbList","@id":"https:\/\/sarahelenamueller.ch\/?page_id=72#breadcrumb","itemListElement":[{"@type":"ListItem","position":1,"name":"Startseite","item":"https:\/\/sarahelenamueller.ch\/"},{"@type":"ListItem","position":2,"name":"Menschenmensch &#8211; or what a gaze can do"}]},{"@type":"WebSite","@id":"https:\/\/sarahelenamueller.ch\/#website","url":"https:\/\/sarahelenamueller.ch\/","name":"Sarah Elena M\u00fcller","description":"","potentialAction":[{"@type":"SearchAction","target":{"@type":"EntryPoint","urlTemplate":"https:\/\/sarahelenamueller.ch\/?s={search_term_string}"},"query-input":{"@type":"PropertyValueSpecification","valueRequired":true,"valueName":"search_term_string"}}],"inLanguage":"de"}]}},"_links":{"self":[{"href":"https:\/\/sarahelenamueller.ch\/index.php?rest_route=\/wp\/v2\/pages\/72","targetHints":{"allow":["GET"]}}],"collection":[{"href":"https:\/\/sarahelenamueller.ch\/index.php?rest_route=\/wp\/v2\/pages"}],"about":[{"href":"https:\/\/sarahelenamueller.ch\/index.php?rest_route=\/wp\/v2\/types\/page"}],"author":[{"embeddable":true,"href":"https:\/\/sarahelenamueller.ch\/index.php?rest_route=\/wp\/v2\/users\/2"}],"replies":[{"embeddable":true,"href":"https:\/\/sarahelenamueller.ch\/index.php?rest_route=%2Fwp%2Fv2%2Fcomments&post=72"}],"version-history":[{"count":8,"href":"https:\/\/sarahelenamueller.ch\/index.php?rest_route=\/wp\/v2\/pages\/72\/revisions"}],"predecessor-version":[{"id":270,"href":"https:\/\/sarahelenamueller.ch\/index.php?rest_route=\/wp\/v2\/pages\/72\/revisions\/270"}],"wp:featuredmedia":[{"embeddable":true,"href":"https:\/\/sarahelenamueller.ch\/index.php?rest_route=\/wp\/v2\/media\/247"}],"wp:attachment":[{"href":"https:\/\/sarahelenamueller.ch\/index.php?rest_route=%2Fwp%2Fv2%2Fmedia&parent=72"}],"curies":[{"name":"wp","href":"https:\/\/api.w.org\/{rel}","templated":true}]}}