{"id":66,"date":"2023-04-01T18:11:28","date_gmt":"2023-04-01T18:11:28","guid":{"rendered":"https:\/\/sarahelenamueller.ch.hera.ch-meta.net\/test_1\/?page_id=66"},"modified":"2023-06-16T12:37:56","modified_gmt":"2023-06-16T12:37:56","slug":"auftraege","status":"publish","type":"page","link":"https:\/\/sarahelenamueller.ch\/?page_id=66","title":{"rendered":"Auftr\u00e4ge"},"content":{"rendered":"\t\t<div data-elementor-type=\"wp-page\" data-elementor-id=\"66\" class=\"elementor elementor-66\" data-elementor-post-type=\"page\">\n\t\t\t\t\t\t<section class=\"elementor-section elementor-top-section elementor-element elementor-element-4675ad6 elementor-section-boxed elementor-section-height-default elementor-section-height-default\" data-id=\"4675ad6\" data-element_type=\"section\" data-e-type=\"section\">\n\t\t\t\t\t\t<div class=\"elementor-container elementor-column-gap-default\">\n\t\t\t\t\t<div class=\"elementor-column elementor-col-100 elementor-top-column elementor-element elementor-element-45b03ab3\" data-id=\"45b03ab3\" data-element_type=\"column\" data-e-type=\"column\">\n\t\t\t<div class=\"elementor-widget-wrap elementor-element-populated\">\n\t\t\t\t\t\t<div class=\"elementor-element elementor-element-373405af elementor-widget elementor-widget-video\" data-id=\"373405af\" data-element_type=\"widget\" data-e-type=\"widget\" data-settings=\"{&quot;youtube_url&quot;:&quot;https:\\\/\\\/www.youtube.com\\\/watch?v=DlxNlsGZOm0&quot;,&quot;video_type&quot;:&quot;youtube&quot;,&quot;controls&quot;:&quot;yes&quot;}\" data-widget_type=\"video.default\">\n\t\t\t\t<div class=\"elementor-widget-container\">\n\t\t\t\t\t\t\t<div class=\"elementor-wrapper elementor-open-inline\">\n\t\t\t<div class=\"elementor-video\"><\/div>\t\t<\/div>\n\t\t\t\t\t\t<\/div>\n\t\t\t\t<\/div>\n\t\t\t\t\t<\/div>\n\t\t<\/div>\n\t\t\t\t\t<\/div>\n\t\t<\/section>\n\t\t\t\t<section class=\"elementor-section elementor-top-section elementor-element elementor-element-6a5a2dbd elementor-section-stretched elementor-section-boxed elementor-section-height-default elementor-section-height-default\" data-id=\"6a5a2dbd\" data-element_type=\"section\" data-e-type=\"section\" data-settings=\"{&quot;stretch_section&quot;:&quot;section-stretched&quot;}\">\n\t\t\t\t\t\t<div class=\"elementor-container elementor-column-gap-default\">\n\t\t\t\t\t<div class=\"elementor-column elementor-col-100 elementor-top-column elementor-element elementor-element-47ff447b\" data-id=\"47ff447b\" data-element_type=\"column\" data-e-type=\"column\">\n\t\t\t<div class=\"elementor-widget-wrap elementor-element-populated\">\n\t\t\t\t\t\t<div class=\"elementor-element elementor-element-55e57cb5 elementor-widget elementor-widget-heading\" data-id=\"55e57cb5\" data-element_type=\"widget\" data-e-type=\"widget\" data-widget_type=\"heading.default\">\n\t\t\t\t<div class=\"elementor-widget-container\">\n\t\t\t\t\t<h2 class=\"elementor-heading-title elementor-size-default\">Tiefenlager - Buchtrailer <\/h2>\t\t\t\t<\/div>\n\t\t\t\t<\/div>\n\t\t\t\t<div class=\"elementor-element elementor-element-1ceacf6f elementor-widget elementor-widget-text-editor\" data-id=\"1ceacf6f\" data-element_type=\"widget\" data-e-type=\"widget\" data-widget_type=\"text-editor.default\">\n\t\t\t\t<div class=\"elementor-widget-container\">\n\t\t\t\t\t\t\t\t\t<p>2021 erschien der Roman <a href=\"https:\/\/www.wunderhorn.de\/?buecher=tiefenlager\" target=\"_blank\" rel=\"noopener\">&#8222;Tiefenlager&#8220; von Annette Hug<\/a> und der in Zusammenarbeit mit der Autorin entwickelte Buchtrailer. Die Geschichte ist einfach: Atomm\u00fcll soll in einem Endlager sicher gelagert werden. Die Menschheit muss sich eine Million Jahre lang erinnern, was da lagert. Deshalb gibt ein Konsortium der Energiewirtschaft die Gr\u00fcndung eines Klosters in Auftrag. F\u00fcnf Menschen aus verschiedenen Nationen, eine Krankenpflegerin, ein Kraftwerkarbeiter, ein Nuklearphysiker, eine Finanzberaterin und eine Linguistin gr\u00fcnden einen Orden und entwickeln Methoden, um das Wissen \u00fcber die Gefahren des Atomm\u00fclls verl\u00e4sslich zu dokumentieren und von Generation zu Generation weiterzugeben. Sie zerstreuen, vervielfachen und verteilen sich auf verschiedenen Kontinenten, \u00fcberall da, wo Konzerne rund um den Globus nach sicheren Orten suchen. Die Vision: Kein Mensch soll durch die Strahlung eines Endlagers f\u00fcr nukleare Abf\u00e4lle get\u00f6tet werden.<\/p><p>Montage, 3D Visualisierungen &amp; Beat: Sarah Elena M\u00fcller<\/p><p>Stimme: <a href=\"https:\/\/www.annettehug.ch\/\" target=\"_blank\" rel=\"noopener\">Annette Hug<\/a> \/ Mastering: <a href=\"http:\/\/www.darksome.productions\/\" target=\"_blank\" rel=\"noopener\">Darksome Productions<\/a> \/ Dank: Pro Helvetia, Joana Maria Aderi<\/p>\t\t\t\t\t\t\t\t<\/div>\n\t\t\t\t<\/div>\n\t\t\t\t\t<\/div>\n\t\t<\/div>\n\t\t\t\t\t<\/div>\n\t\t<\/section>\n\t\t\t\t<\/div>\n\t\t","protected":false},"excerpt":{"rendered":"<p>Tiefenlager &#8211; Buchtrailer 2021 erschien der Roman &#8222;Tiefenlager&#8220; von Annette Hug und der in Zusammenarbeit mit der Autorin entwickelte Buchtrailer. Die Geschichte ist einfach: Atomm\u00fcll soll in einem Endlager sicher gelagert werden. Die Menschheit muss sich eine Million Jahre lang erinnern, was da lagert. Deshalb gibt ein Konsortium der Energiewirtschaft die Gr\u00fcndung eines Klosters in [&hellip;]<\/p>\n","protected":false},"author":2,"featured_media":442,"parent":0,"menu_order":0,"comment_status":"closed","ping_status":"closed","template":"elementor_header_footer","meta":{"footnotes":""},"class_list":["post-66","page","type-page","status-publish","has-post-thumbnail","hentry"],"yoast_head":"<!-- This site is optimized with the Yoast SEO plugin v27.4 - https:\/\/yoast.com\/product\/yoast-seo-wordpress\/ -->\n<title>Auftr\u00e4ge - Sarah Elena M\u00fcller<\/title>\n<meta name=\"robots\" content=\"index, follow, max-snippet:-1, max-image-preview:large, max-video-preview:-1\" \/>\n<link rel=\"canonical\" href=\"https:\/\/sarahelenamueller.ch\/?page_id=66\" \/>\n<meta property=\"og:locale\" content=\"de_DE\" \/>\n<meta property=\"og:type\" content=\"article\" \/>\n<meta property=\"og:title\" content=\"Auftr\u00e4ge - Sarah Elena M\u00fcller\" \/>\n<meta property=\"og:description\" content=\"Tiefenlager &#8211; Buchtrailer 2021 erschien der Roman &#8222;Tiefenlager&#8220; von Annette Hug und der in Zusammenarbeit mit der Autorin entwickelte Buchtrailer. Die Geschichte ist einfach: Atomm\u00fcll soll in einem Endlager sicher gelagert werden. Die Menschheit muss sich eine Million Jahre lang erinnern, was da lagert. Deshalb gibt ein Konsortium der Energiewirtschaft die Gr\u00fcndung eines Klosters in [&hellip;]\" \/>\n<meta property=\"og:url\" content=\"https:\/\/sarahelenamueller.ch\/?page_id=66\" \/>\n<meta property=\"og:site_name\" content=\"Sarah Elena M\u00fcller\" \/>\n<meta property=\"article:modified_time\" content=\"2023-06-16T12:37:56+00:00\" \/>\n<meta property=\"og:image\" content=\"https:\/\/sarahelenamueller.ch\/wp-content\/uploads\/2023\/06\/Still_60.jpg\" \/>\n\t<meta property=\"og:image:width\" content=\"1920\" \/>\n\t<meta property=\"og:image:height\" content=\"1080\" \/>\n\t<meta property=\"og:image:type\" content=\"image\/jpeg\" \/>\n<meta name=\"twitter:card\" content=\"summary_large_image\" \/>\n<meta name=\"twitter:label1\" content=\"Gesch\u00e4tzte Lesezeit\" \/>\n\t<meta name=\"twitter:data1\" content=\"1\u00a0Minute\" \/>\n<script type=\"application\/ld+json\" class=\"yoast-schema-graph\">{\"@context\":\"https:\\\/\\\/schema.org\",\"@graph\":[{\"@type\":\"WebPage\",\"@id\":\"https:\\\/\\\/sarahelenamueller.ch\\\/?page_id=66\",\"url\":\"https:\\\/\\\/sarahelenamueller.ch\\\/?page_id=66\",\"name\":\"Auftr\u00e4ge - Sarah Elena M\u00fcller\",\"isPartOf\":{\"@id\":\"https:\\\/\\\/sarahelenamueller.ch\\\/#website\"},\"primaryImageOfPage\":{\"@id\":\"https:\\\/\\\/sarahelenamueller.ch\\\/?page_id=66#primaryimage\"},\"image\":{\"@id\":\"https:\\\/\\\/sarahelenamueller.ch\\\/?page_id=66#primaryimage\"},\"thumbnailUrl\":\"https:\\\/\\\/sarahelenamueller.ch\\\/wp-content\\\/uploads\\\/2023\\\/06\\\/Still_60.jpg\",\"datePublished\":\"2023-04-01T18:11:28+00:00\",\"dateModified\":\"2023-06-16T12:37:56+00:00\",\"breadcrumb\":{\"@id\":\"https:\\\/\\\/sarahelenamueller.ch\\\/?page_id=66#breadcrumb\"},\"inLanguage\":\"de\",\"potentialAction\":[{\"@type\":\"ReadAction\",\"target\":[\"https:\\\/\\\/sarahelenamueller.ch\\\/?page_id=66\"]}]},{\"@type\":\"ImageObject\",\"inLanguage\":\"de\",\"@id\":\"https:\\\/\\\/sarahelenamueller.ch\\\/?page_id=66#primaryimage\",\"url\":\"https:\\\/\\\/sarahelenamueller.ch\\\/wp-content\\\/uploads\\\/2023\\\/06\\\/Still_60.jpg\",\"contentUrl\":\"https:\\\/\\\/sarahelenamueller.ch\\\/wp-content\\\/uploads\\\/2023\\\/06\\\/Still_60.jpg\",\"width\":1920,\"height\":1080},{\"@type\":\"BreadcrumbList\",\"@id\":\"https:\\\/\\\/sarahelenamueller.ch\\\/?page_id=66#breadcrumb\",\"itemListElement\":[{\"@type\":\"ListItem\",\"position\":1,\"name\":\"Startseite\",\"item\":\"https:\\\/\\\/sarahelenamueller.ch\\\/\"},{\"@type\":\"ListItem\",\"position\":2,\"name\":\"Auftr\u00e4ge\"}]},{\"@type\":\"WebSite\",\"@id\":\"https:\\\/\\\/sarahelenamueller.ch\\\/#website\",\"url\":\"https:\\\/\\\/sarahelenamueller.ch\\\/\",\"name\":\"Sarah Elena M\u00fcller\",\"description\":\"\",\"potentialAction\":[{\"@type\":\"SearchAction\",\"target\":{\"@type\":\"EntryPoint\",\"urlTemplate\":\"https:\\\/\\\/sarahelenamueller.ch\\\/?s={search_term_string}\"},\"query-input\":{\"@type\":\"PropertyValueSpecification\",\"valueRequired\":true,\"valueName\":\"search_term_string\"}}],\"inLanguage\":\"de\"}]}<\/script>\n<!-- \/ Yoast SEO plugin. -->","yoast_head_json":{"title":"Auftr\u00e4ge - Sarah Elena M\u00fcller","robots":{"index":"index","follow":"follow","max-snippet":"max-snippet:-1","max-image-preview":"max-image-preview:large","max-video-preview":"max-video-preview:-1"},"canonical":"https:\/\/sarahelenamueller.ch\/?page_id=66","og_locale":"de_DE","og_type":"article","og_title":"Auftr\u00e4ge - Sarah Elena M\u00fcller","og_description":"Tiefenlager &#8211; Buchtrailer 2021 erschien der Roman &#8222;Tiefenlager&#8220; von Annette Hug und der in Zusammenarbeit mit der Autorin entwickelte Buchtrailer. Die Geschichte ist einfach: Atomm\u00fcll soll in einem Endlager sicher gelagert werden. Die Menschheit muss sich eine Million Jahre lang erinnern, was da lagert. Deshalb gibt ein Konsortium der Energiewirtschaft die Gr\u00fcndung eines Klosters in [&hellip;]","og_url":"https:\/\/sarahelenamueller.ch\/?page_id=66","og_site_name":"Sarah Elena M\u00fcller","article_modified_time":"2023-06-16T12:37:56+00:00","og_image":[{"width":1920,"height":1080,"url":"https:\/\/sarahelenamueller.ch\/wp-content\/uploads\/2023\/06\/Still_60.jpg","type":"image\/jpeg"}],"twitter_card":"summary_large_image","twitter_misc":{"Gesch\u00e4tzte Lesezeit":"1\u00a0Minute"},"schema":{"@context":"https:\/\/schema.org","@graph":[{"@type":"WebPage","@id":"https:\/\/sarahelenamueller.ch\/?page_id=66","url":"https:\/\/sarahelenamueller.ch\/?page_id=66","name":"Auftr\u00e4ge - Sarah Elena M\u00fcller","isPartOf":{"@id":"https:\/\/sarahelenamueller.ch\/#website"},"primaryImageOfPage":{"@id":"https:\/\/sarahelenamueller.ch\/?page_id=66#primaryimage"},"image":{"@id":"https:\/\/sarahelenamueller.ch\/?page_id=66#primaryimage"},"thumbnailUrl":"https:\/\/sarahelenamueller.ch\/wp-content\/uploads\/2023\/06\/Still_60.jpg","datePublished":"2023-04-01T18:11:28+00:00","dateModified":"2023-06-16T12:37:56+00:00","breadcrumb":{"@id":"https:\/\/sarahelenamueller.ch\/?page_id=66#breadcrumb"},"inLanguage":"de","potentialAction":[{"@type":"ReadAction","target":["https:\/\/sarahelenamueller.ch\/?page_id=66"]}]},{"@type":"ImageObject","inLanguage":"de","@id":"https:\/\/sarahelenamueller.ch\/?page_id=66#primaryimage","url":"https:\/\/sarahelenamueller.ch\/wp-content\/uploads\/2023\/06\/Still_60.jpg","contentUrl":"https:\/\/sarahelenamueller.ch\/wp-content\/uploads\/2023\/06\/Still_60.jpg","width":1920,"height":1080},{"@type":"BreadcrumbList","@id":"https:\/\/sarahelenamueller.ch\/?page_id=66#breadcrumb","itemListElement":[{"@type":"ListItem","position":1,"name":"Startseite","item":"https:\/\/sarahelenamueller.ch\/"},{"@type":"ListItem","position":2,"name":"Auftr\u00e4ge"}]},{"@type":"WebSite","@id":"https:\/\/sarahelenamueller.ch\/#website","url":"https:\/\/sarahelenamueller.ch\/","name":"Sarah Elena M\u00fcller","description":"","potentialAction":[{"@type":"SearchAction","target":{"@type":"EntryPoint","urlTemplate":"https:\/\/sarahelenamueller.ch\/?s={search_term_string}"},"query-input":{"@type":"PropertyValueSpecification","valueRequired":true,"valueName":"search_term_string"}}],"inLanguage":"de"}]}},"_links":{"self":[{"href":"https:\/\/sarahelenamueller.ch\/index.php?rest_route=\/wp\/v2\/pages\/66","targetHints":{"allow":["GET"]}}],"collection":[{"href":"https:\/\/sarahelenamueller.ch\/index.php?rest_route=\/wp\/v2\/pages"}],"about":[{"href":"https:\/\/sarahelenamueller.ch\/index.php?rest_route=\/wp\/v2\/types\/page"}],"author":[{"embeddable":true,"href":"https:\/\/sarahelenamueller.ch\/index.php?rest_route=\/wp\/v2\/users\/2"}],"replies":[{"embeddable":true,"href":"https:\/\/sarahelenamueller.ch\/index.php?rest_route=%2Fwp%2Fv2%2Fcomments&post=66"}],"version-history":[{"count":5,"href":"https:\/\/sarahelenamueller.ch\/index.php?rest_route=\/wp\/v2\/pages\/66\/revisions"}],"predecessor-version":[{"id":280,"href":"https:\/\/sarahelenamueller.ch\/index.php?rest_route=\/wp\/v2\/pages\/66\/revisions\/280"}],"wp:featuredmedia":[{"embeddable":true,"href":"https:\/\/sarahelenamueller.ch\/index.php?rest_route=\/wp\/v2\/media\/442"}],"wp:attachment":[{"href":"https:\/\/sarahelenamueller.ch\/index.php?rest_route=%2Fwp%2Fv2%2Fmedia&parent=66"}],"curies":[{"name":"wp","href":"https:\/\/api.w.org\/{rel}","templated":true}]}}