{"id":60,"date":"2023-05-02T18:11:27","date_gmt":"2023-05-02T18:11:27","guid":{"rendered":"https:\/\/sarahelenamueller.ch.hera.ch-meta.net\/test_1\/?page_id=60"},"modified":"2023-06-15T15:42:19","modified_gmt":"2023-06-15T15:42:19","slug":"diese-unendlich-kleine-seele-der-geige","status":"publish","type":"page","link":"https:\/\/sarahelenamueller.ch\/?page_id=60","title":{"rendered":"Diese unendlich kleine Seele der Geige"},"content":{"rendered":"\t\t<div data-elementor-type=\"wp-page\" data-elementor-id=\"60\" class=\"elementor elementor-60\" data-elementor-post-type=\"page\">\n\t\t\t\t\t\t<section class=\"elementor-section elementor-top-section elementor-element elementor-element-8e0fd1b elementor-section-stretched elementor-section-boxed elementor-section-height-default elementor-section-height-default\" data-id=\"8e0fd1b\" data-element_type=\"section\" data-e-type=\"section\" data-settings=\"{&quot;stretch_section&quot;:&quot;section-stretched&quot;}\">\n\t\t\t\t\t\t<div class=\"elementor-container elementor-column-gap-default\">\n\t\t\t\t\t<div class=\"elementor-column elementor-col-100 elementor-top-column elementor-element elementor-element-2745d081\" data-id=\"2745d081\" data-element_type=\"column\" data-e-type=\"column\">\n\t\t\t<div class=\"elementor-widget-wrap elementor-element-populated\">\n\t\t\t\t\t\t<div class=\"elementor-element elementor-element-452da05 elementor-widget elementor-widget-text-editor\" data-id=\"452da05\" data-element_type=\"widget\" data-e-type=\"widget\" data-widget_type=\"text-editor.default\">\n\t\t\t\t<div class=\"elementor-widget-container\">\n\t\t\t\t\t\t\t\t\t<p>Misses Brown, Denkerin und Hausherrin der <a href=\"https:\/\/www.langmatt.ch\/\" target=\"_blank\" rel=\"noopener\">Villa Langmatt<\/a>, tr\u00e4gt seit jeher einen Konflikt mit ihrem Konzertfl\u00fcgel aus. Sie wirft ihm vor, ihr Denken manipuliert zu haben, bewegt sich mit ihren Rachevorhaben im Haus und im Kreis, plant eine Tat zu begehen und ist st\u00e4ndig auf der Suche nach Wahrheit. Parallel dazu vergleicht ein Raumplanungsexeperte die verfahrene Situation der Rache mit der missgl\u00fcckten Infrastruktur einer Stadt und bewegt sich in diesem Aussenraum, der gleichzeitig ein in sich geschlossener Innenraum zu sein scheint. Die fiktive Hauptfigur des Texts ist angelehnt an Jenny Brown, Kunstsammlerin und ehemalige Hausherrin der Villa Langmatt in Baden. Das H\u00f6rst\u00fcck wurde im Verandazimmer zusammen mit einem Portrait von Jenny Brown, einem flackernden Geigenkasten und einem alten paar Stiefel installiert.<\/p><p><br \/>Sprachen: Deutsch \/ Schweizerdeutsch<\/p>\t\t\t\t\t\t\t\t<\/div>\n\t\t\t\t<\/div>\n\t\t\t\t\t<\/div>\n\t\t<\/div>\n\t\t\t\t\t<\/div>\n\t\t<\/section>\n\t\t\t\t<section class=\"elementor-section elementor-top-section elementor-element elementor-element-88ca455 elementor-section-stretched elementor-section-boxed elementor-section-height-default elementor-section-height-default\" data-id=\"88ca455\" data-element_type=\"section\" data-e-type=\"section\" data-settings=\"{&quot;stretch_section&quot;:&quot;section-stretched&quot;}\">\n\t\t\t\t\t\t<div class=\"elementor-container elementor-column-gap-default\">\n\t\t\t\t\t<div class=\"elementor-column elementor-col-100 elementor-top-column elementor-element elementor-element-24ed69f6\" data-id=\"24ed69f6\" data-element_type=\"column\" data-e-type=\"column\">\n\t\t\t<div class=\"elementor-widget-wrap elementor-element-populated\">\n\t\t\t\t\t\t<div class=\"elementor-element elementor-element-4cd92961 elementor-widget elementor-widget-audio\" data-id=\"4cd92961\" data-element_type=\"widget\" data-e-type=\"widget\" data-widget_type=\"audio.default\">\n\t\t\t\t<div class=\"elementor-widget-container\">\n\t\t\t\t\t\t\t\t<div class=\"elementor-soundcloud-wrapper\">\n\t\t\t\t<iframe width=\"580\" height=\"400\" frameborder=\"no\" src=\"https:\/\/w.soundcloud.com\/player\/?visual=true&#038;url=https%3A%2F%2Fapi.soundcloud.com%2Ftracks%2F493797462&#038;show_artwork=false&#038;maxheight=870&#038;maxwidth=580&#038;secret_token=s-ScwAU&#038;auto_play=false&#038;buying=true&#038;liking=false&#038;download=false&#038;sharing=false&#038;show_comments=false&#038;show_playcount=false&#038;show_user=false&#038;color\"><\/iframe>\t\t\t<\/div>\n\t\t\t\t\t\t\t<\/div>\n\t\t\t\t<\/div>\n\t\t\t\t\t<\/div>\n\t\t<\/div>\n\t\t\t\t\t<\/div>\n\t\t<\/section>\n\t\t\t\t<\/div>\n\t\t","protected":false},"excerpt":{"rendered":"<p>Misses Brown, Denkerin und Hausherrin der Villa Langmatt, tr\u00e4gt seit jeher einen Konflikt mit ihrem Konzertfl\u00fcgel aus. Sie wirft ihm vor, ihr Denken manipuliert zu haben, bewegt sich mit ihren Rachevorhaben im Haus und im Kreis, plant eine Tat zu begehen und ist st\u00e4ndig auf der Suche nach Wahrheit. Parallel dazu vergleicht ein Raumplanungsexeperte die [&hellip;]<\/p>\n","protected":false},"author":2,"featured_media":264,"parent":0,"menu_order":0,"comment_status":"closed","ping_status":"closed","template":"","meta":{"footnotes":""},"class_list":["post-60","page","type-page","status-publish","has-post-thumbnail","hentry"],"yoast_head":"<!-- This site is optimized with the Yoast SEO plugin v27.4 - https:\/\/yoast.com\/product\/yoast-seo-wordpress\/ -->\n<title>Diese unendlich kleine Seele der Geige - Sarah Elena M\u00fcller<\/title>\n<meta name=\"robots\" content=\"index, follow, max-snippet:-1, max-image-preview:large, max-video-preview:-1\" \/>\n<link rel=\"canonical\" href=\"https:\/\/sarahelenamueller.ch\/?page_id=60\" \/>\n<meta property=\"og:locale\" content=\"de_DE\" \/>\n<meta property=\"og:type\" content=\"article\" \/>\n<meta property=\"og:title\" content=\"Diese unendlich kleine Seele der Geige - Sarah Elena M\u00fcller\" \/>\n<meta property=\"og:description\" content=\"Misses Brown, Denkerin und Hausherrin der Villa Langmatt, tr\u00e4gt seit jeher einen Konflikt mit ihrem Konzertfl\u00fcgel aus. Sie wirft ihm vor, ihr Denken manipuliert zu haben, bewegt sich mit ihren Rachevorhaben im Haus und im Kreis, plant eine Tat zu begehen und ist st\u00e4ndig auf der Suche nach Wahrheit. Parallel dazu vergleicht ein Raumplanungsexeperte die [&hellip;]\" \/>\n<meta property=\"og:url\" content=\"https:\/\/sarahelenamueller.ch\/?page_id=60\" \/>\n<meta property=\"og:site_name\" content=\"Sarah Elena M\u00fcller\" \/>\n<meta property=\"article:modified_time\" content=\"2023-06-15T15:42:19+00:00\" \/>\n<meta property=\"og:image\" content=\"https:\/\/sarahelenamueller.ch\/wp-content\/uploads\/2023\/06\/archivalie_3_4_10-scaled.jpg\" \/>\n\t<meta property=\"og:image:width\" content=\"2560\" \/>\n\t<meta property=\"og:image:height\" content=\"2372\" \/>\n\t<meta property=\"og:image:type\" content=\"image\/jpeg\" \/>\n<meta name=\"twitter:card\" content=\"summary_large_image\" \/>\n<meta name=\"twitter:label1\" content=\"Gesch\u00e4tzte Lesezeit\" \/>\n\t<meta name=\"twitter:data1\" content=\"1\u00a0Minute\" \/>\n<script type=\"application\/ld+json\" class=\"yoast-schema-graph\">{\"@context\":\"https:\\\/\\\/schema.org\",\"@graph\":[{\"@type\":\"WebPage\",\"@id\":\"https:\\\/\\\/sarahelenamueller.ch\\\/?page_id=60\",\"url\":\"https:\\\/\\\/sarahelenamueller.ch\\\/?page_id=60\",\"name\":\"Diese unendlich kleine Seele der Geige - Sarah Elena M\u00fcller\",\"isPartOf\":{\"@id\":\"https:\\\/\\\/sarahelenamueller.ch\\\/#website\"},\"primaryImageOfPage\":{\"@id\":\"https:\\\/\\\/sarahelenamueller.ch\\\/?page_id=60#primaryimage\"},\"image\":{\"@id\":\"https:\\\/\\\/sarahelenamueller.ch\\\/?page_id=60#primaryimage\"},\"thumbnailUrl\":\"https:\\\/\\\/sarahelenamueller.ch\\\/wp-content\\\/uploads\\\/2023\\\/06\\\/archivalie_3_4_10-scaled.jpg\",\"datePublished\":\"2023-05-02T18:11:27+00:00\",\"dateModified\":\"2023-06-15T15:42:19+00:00\",\"breadcrumb\":{\"@id\":\"https:\\\/\\\/sarahelenamueller.ch\\\/?page_id=60#breadcrumb\"},\"inLanguage\":\"de\",\"potentialAction\":[{\"@type\":\"ReadAction\",\"target\":[\"https:\\\/\\\/sarahelenamueller.ch\\\/?page_id=60\"]}]},{\"@type\":\"ImageObject\",\"inLanguage\":\"de\",\"@id\":\"https:\\\/\\\/sarahelenamueller.ch\\\/?page_id=60#primaryimage\",\"url\":\"https:\\\/\\\/sarahelenamueller.ch\\\/wp-content\\\/uploads\\\/2023\\\/06\\\/archivalie_3_4_10-scaled.jpg\",\"contentUrl\":\"https:\\\/\\\/sarahelenamueller.ch\\\/wp-content\\\/uploads\\\/2023\\\/06\\\/archivalie_3_4_10-scaled.jpg\",\"width\":2560,\"height\":2372,\"caption\":\"\u00a9 Archiv Villa Langmatt, Baden\"},{\"@type\":\"BreadcrumbList\",\"@id\":\"https:\\\/\\\/sarahelenamueller.ch\\\/?page_id=60#breadcrumb\",\"itemListElement\":[{\"@type\":\"ListItem\",\"position\":1,\"name\":\"Startseite\",\"item\":\"https:\\\/\\\/sarahelenamueller.ch\\\/\"},{\"@type\":\"ListItem\",\"position\":2,\"name\":\"Diese unendlich kleine Seele der Geige\"}]},{\"@type\":\"WebSite\",\"@id\":\"https:\\\/\\\/sarahelenamueller.ch\\\/#website\",\"url\":\"https:\\\/\\\/sarahelenamueller.ch\\\/\",\"name\":\"Sarah Elena M\u00fcller\",\"description\":\"\",\"potentialAction\":[{\"@type\":\"SearchAction\",\"target\":{\"@type\":\"EntryPoint\",\"urlTemplate\":\"https:\\\/\\\/sarahelenamueller.ch\\\/?s={search_term_string}\"},\"query-input\":{\"@type\":\"PropertyValueSpecification\",\"valueRequired\":true,\"valueName\":\"search_term_string\"}}],\"inLanguage\":\"de\"}]}<\/script>\n<!-- \/ Yoast SEO plugin. -->","yoast_head_json":{"title":"Diese unendlich kleine Seele der Geige - Sarah Elena M\u00fcller","robots":{"index":"index","follow":"follow","max-snippet":"max-snippet:-1","max-image-preview":"max-image-preview:large","max-video-preview":"max-video-preview:-1"},"canonical":"https:\/\/sarahelenamueller.ch\/?page_id=60","og_locale":"de_DE","og_type":"article","og_title":"Diese unendlich kleine Seele der Geige - Sarah Elena M\u00fcller","og_description":"Misses Brown, Denkerin und Hausherrin der Villa Langmatt, tr\u00e4gt seit jeher einen Konflikt mit ihrem Konzertfl\u00fcgel aus. Sie wirft ihm vor, ihr Denken manipuliert zu haben, bewegt sich mit ihren Rachevorhaben im Haus und im Kreis, plant eine Tat zu begehen und ist st\u00e4ndig auf der Suche nach Wahrheit. Parallel dazu vergleicht ein Raumplanungsexeperte die [&hellip;]","og_url":"https:\/\/sarahelenamueller.ch\/?page_id=60","og_site_name":"Sarah Elena M\u00fcller","article_modified_time":"2023-06-15T15:42:19+00:00","og_image":[{"width":2560,"height":2372,"url":"https:\/\/sarahelenamueller.ch\/wp-content\/uploads\/2023\/06\/archivalie_3_4_10-scaled.jpg","type":"image\/jpeg"}],"twitter_card":"summary_large_image","twitter_misc":{"Gesch\u00e4tzte Lesezeit":"1\u00a0Minute"},"schema":{"@context":"https:\/\/schema.org","@graph":[{"@type":"WebPage","@id":"https:\/\/sarahelenamueller.ch\/?page_id=60","url":"https:\/\/sarahelenamueller.ch\/?page_id=60","name":"Diese unendlich kleine Seele der Geige - Sarah Elena M\u00fcller","isPartOf":{"@id":"https:\/\/sarahelenamueller.ch\/#website"},"primaryImageOfPage":{"@id":"https:\/\/sarahelenamueller.ch\/?page_id=60#primaryimage"},"image":{"@id":"https:\/\/sarahelenamueller.ch\/?page_id=60#primaryimage"},"thumbnailUrl":"https:\/\/sarahelenamueller.ch\/wp-content\/uploads\/2023\/06\/archivalie_3_4_10-scaled.jpg","datePublished":"2023-05-02T18:11:27+00:00","dateModified":"2023-06-15T15:42:19+00:00","breadcrumb":{"@id":"https:\/\/sarahelenamueller.ch\/?page_id=60#breadcrumb"},"inLanguage":"de","potentialAction":[{"@type":"ReadAction","target":["https:\/\/sarahelenamueller.ch\/?page_id=60"]}]},{"@type":"ImageObject","inLanguage":"de","@id":"https:\/\/sarahelenamueller.ch\/?page_id=60#primaryimage","url":"https:\/\/sarahelenamueller.ch\/wp-content\/uploads\/2023\/06\/archivalie_3_4_10-scaled.jpg","contentUrl":"https:\/\/sarahelenamueller.ch\/wp-content\/uploads\/2023\/06\/archivalie_3_4_10-scaled.jpg","width":2560,"height":2372,"caption":"\u00a9 Archiv Villa Langmatt, Baden"},{"@type":"BreadcrumbList","@id":"https:\/\/sarahelenamueller.ch\/?page_id=60#breadcrumb","itemListElement":[{"@type":"ListItem","position":1,"name":"Startseite","item":"https:\/\/sarahelenamueller.ch\/"},{"@type":"ListItem","position":2,"name":"Diese unendlich kleine Seele der Geige"}]},{"@type":"WebSite","@id":"https:\/\/sarahelenamueller.ch\/#website","url":"https:\/\/sarahelenamueller.ch\/","name":"Sarah Elena M\u00fcller","description":"","potentialAction":[{"@type":"SearchAction","target":{"@type":"EntryPoint","urlTemplate":"https:\/\/sarahelenamueller.ch\/?s={search_term_string}"},"query-input":{"@type":"PropertyValueSpecification","valueRequired":true,"valueName":"search_term_string"}}],"inLanguage":"de"}]}},"_links":{"self":[{"href":"https:\/\/sarahelenamueller.ch\/index.php?rest_route=\/wp\/v2\/pages\/60","targetHints":{"allow":["GET"]}}],"collection":[{"href":"https:\/\/sarahelenamueller.ch\/index.php?rest_route=\/wp\/v2\/pages"}],"about":[{"href":"https:\/\/sarahelenamueller.ch\/index.php?rest_route=\/wp\/v2\/types\/page"}],"author":[{"embeddable":true,"href":"https:\/\/sarahelenamueller.ch\/index.php?rest_route=\/wp\/v2\/users\/2"}],"replies":[{"embeddable":true,"href":"https:\/\/sarahelenamueller.ch\/index.php?rest_route=%2Fwp%2Fv2%2Fcomments&post=60"}],"version-history":[{"count":5,"href":"https:\/\/sarahelenamueller.ch\/index.php?rest_route=\/wp\/v2\/pages\/60\/revisions"}],"predecessor-version":[{"id":265,"href":"https:\/\/sarahelenamueller.ch\/index.php?rest_route=\/wp\/v2\/pages\/60\/revisions\/265"}],"wp:featuredmedia":[{"embeddable":true,"href":"https:\/\/sarahelenamueller.ch\/index.php?rest_route=\/wp\/v2\/media\/264"}],"wp:attachment":[{"href":"https:\/\/sarahelenamueller.ch\/index.php?rest_route=%2Fwp%2Fv2%2Fmedia&parent=60"}],"curies":[{"name":"wp","href":"https:\/\/api.w.org\/{rel}","templated":true}]}}