{"id":57,"date":"2023-04-02T18:11:27","date_gmt":"2023-04-02T18:11:27","guid":{"rendered":"https:\/\/sarahelenamueller.ch.hera.ch-meta.net\/test_1\/?page_id=57"},"modified":"2023-06-15T15:53:02","modified_gmt":"2023-06-15T15:53:02","slug":"audiopieces","status":"publish","type":"page","link":"https:\/\/sarahelenamueller.ch\/?page_id=57","title":{"rendered":"Audiopieces"},"content":{"rendered":"\t\t<div data-elementor-type=\"wp-page\" data-elementor-id=\"57\" class=\"elementor elementor-57\" data-elementor-post-type=\"page\">\n\t\t\t\t\t\t<section class=\"elementor-section elementor-top-section elementor-element elementor-element-f3f2f2a elementor-section-stretched elementor-section-boxed elementor-section-height-default elementor-section-height-default\" data-id=\"f3f2f2a\" data-element_type=\"section\" data-e-type=\"section\" data-settings=\"{&quot;stretch_section&quot;:&quot;section-stretched&quot;}\">\n\t\t\t\t\t\t<div class=\"elementor-container elementor-column-gap-default\">\n\t\t\t\t\t<div class=\"elementor-column elementor-col-100 elementor-top-column elementor-element elementor-element-74d81001\" data-id=\"74d81001\" data-element_type=\"column\" data-e-type=\"column\">\n\t\t\t<div class=\"elementor-widget-wrap\">\n\t\t\t\t\t\t\t<\/div>\n\t\t<\/div>\n\t\t\t\t\t<\/div>\n\t\t<\/section>\n\t\t\t\t<section class=\"elementor-section elementor-top-section elementor-element elementor-element-2bb8704e elementor-section-stretched elementor-section-boxed elementor-section-height-default elementor-section-height-default\" data-id=\"2bb8704e\" data-element_type=\"section\" data-e-type=\"section\" data-settings=\"{&quot;stretch_section&quot;:&quot;section-stretched&quot;}\">\n\t\t\t\t\t\t<div class=\"elementor-container elementor-column-gap-default\">\n\t\t\t\t\t<div class=\"elementor-column elementor-col-100 elementor-top-column elementor-element elementor-element-47f6e80f\" data-id=\"47f6e80f\" data-element_type=\"column\" data-e-type=\"column\">\n\t\t\t<div class=\"elementor-widget-wrap elementor-element-populated\">\n\t\t\t\t\t\t<div class=\"elementor-element elementor-element-5b430519 elementor-widget elementor-widget-spacer\" data-id=\"5b430519\" data-element_type=\"widget\" data-e-type=\"widget\" data-widget_type=\"spacer.default\">\n\t\t\t\t<div class=\"elementor-widget-container\">\n\t\t\t\t\t\t\t<div class=\"elementor-spacer\">\n\t\t\t<div class=\"elementor-spacer-inner\"><\/div>\n\t\t<\/div>\n\t\t\t\t\t\t<\/div>\n\t\t\t\t<\/div>\n\t\t\t\t<div class=\"elementor-element elementor-element-15bbc2d0 elementor-widget elementor-widget-heading\" data-id=\"15bbc2d0\" data-element_type=\"widget\" data-e-type=\"widget\" data-widget_type=\"heading.default\">\n\t\t\t\t<div class=\"elementor-widget-container\">\n\t\t\t\t\t<h2 class=\"elementor-heading-title elementor-size-default\">Miteinander reden, Band I<\/h2>\t\t\t\t<\/div>\n\t\t\t\t<\/div>\n\t\t\t\t<section class=\"elementor-section elementor-inner-section elementor-element elementor-element-1112e97d elementor-section-full_width elementor-section-height-default elementor-section-height-default\" data-id=\"1112e97d\" data-element_type=\"section\" data-e-type=\"section\">\n\t\t\t\t\t\t<div class=\"elementor-container elementor-column-gap-default\">\n\t\t\t\t\t<div class=\"elementor-column elementor-col-50 elementor-inner-column elementor-element elementor-element-2f147be8\" data-id=\"2f147be8\" data-element_type=\"column\" data-e-type=\"column\">\n\t\t\t<div class=\"elementor-widget-wrap elementor-element-populated\">\n\t\t\t\t\t\t<div class=\"elementor-element elementor-element-1434d8c elementor-widget elementor-widget-image\" data-id=\"1434d8c\" data-element_type=\"widget\" data-e-type=\"widget\" data-widget_type=\"image.default\">\n\t\t\t\t<div class=\"elementor-widget-container\">\n\t\t\t\t\t\t\t\t\t\t\t\t\t\t\t<img decoding=\"async\" src=\"https:\/\/sarahelenamueller.ch\/wp-content\/uploads\/2023\/06\/WEb_reden.jpg\" title=\"WEb_reden\" alt=\"Ausstellungsansicht Tom Bola, Z\u00fcrich\" loading=\"lazy\" \/>\t\t\t\t\t\t\t\t\t\t\t\t\t\t\t<\/div>\n\t\t\t\t<\/div>\n\t\t\t\t\t<\/div>\n\t\t<\/div>\n\t\t\t\t<div class=\"elementor-column elementor-col-50 elementor-inner-column elementor-element elementor-element-31420495\" data-id=\"31420495\" data-element_type=\"column\" data-e-type=\"column\">\n\t\t\t<div class=\"elementor-widget-wrap elementor-element-populated\">\n\t\t\t\t\t\t<div class=\"elementor-element elementor-element-1fdd494a elementor-align-right elementor-widget elementor-widget-button\" data-id=\"1fdd494a\" data-element_type=\"widget\" data-e-type=\"widget\" data-widget_type=\"button.default\">\n\t\t\t\t<div class=\"elementor-widget-container\">\n\t\t\t\t\t\t\t\t\t<div class=\"elementor-button-wrapper\">\n\t\t\t\t\t<a class=\"elementor-button elementor-button-link elementor-size-sm elementor-animation-grow\" href=\"https:\/\/soundcloud.com\/darkini\/miteinander-reden-band-1?in=darkini\/sets\/horstucke&#038;utm_source=clipboard&#038;utm_medium=text&#038;utm_campaign=social_sharing\" target=\"_blank\">\n\t\t\t\t\t\t<span class=\"elementor-button-content-wrapper\">\n\t\t\t\t\t\t<span class=\"elementor-button-icon\">\n\t\t\t\t<i aria-hidden=\"true\" class=\"fas fa-headphones\"><\/i>\t\t\t<\/span>\n\t\t\t\t\t\t\t\t\t<span class=\"elementor-button-text\">Audiodatei<\/span>\n\t\t\t\t\t<\/span>\n\t\t\t\t\t<\/a>\n\t\t\t\t<\/div>\n\t\t\t\t\t\t\t\t<\/div>\n\t\t\t\t<\/div>\n\t\t\t\t<div class=\"elementor-element elementor-element-20f6ae8f elementor-widget elementor-widget-spacer\" data-id=\"20f6ae8f\" data-element_type=\"widget\" data-e-type=\"widget\" data-widget_type=\"spacer.default\">\n\t\t\t\t<div class=\"elementor-widget-container\">\n\t\t\t\t\t\t\t<div class=\"elementor-spacer\">\n\t\t\t<div class=\"elementor-spacer-inner\"><\/div>\n\t\t<\/div>\n\t\t\t\t\t\t<\/div>\n\t\t\t\t<\/div>\n\t\t\t\t<div class=\"elementor-element elementor-element-2fee8bb6 elementor-widget elementor-widget-text-editor\" data-id=\"2fee8bb6\" data-element_type=\"widget\" data-e-type=\"widget\" data-widget_type=\"text-editor.default\">\n\t\t\t\t<div class=\"elementor-widget-container\">\n\t\t\t\t\t\t\t\t\t<p>Format: Audioinstallation<\/p>\n<p>Dauer: L\u00e4nge Audioloop 7&#8242;<\/p>\n<div>\n<p>Text und Montage: S.E.M\u00fcller<\/p>\n<p>Stimmen: Michael Barben \/ S.E.M\u00fcller<\/p>\n<p>2013 @ Offspace Tom Bola \/ Z\u00fcrich<br><\/p>\n<\/div>\t\t\t\t\t\t\t\t<\/div>\n\t\t\t\t<\/div>\n\t\t\t\t\t<\/div>\n\t\t<\/div>\n\t\t\t\t\t<\/div>\n\t\t<\/section>\n\t\t\t\t<div class=\"elementor-element elementor-element-4d5f46e4 elementor-widget elementor-widget-text-editor\" data-id=\"4d5f46e4\" data-element_type=\"widget\" data-e-type=\"widget\" data-widget_type=\"text-editor.default\">\n\t\t\t\t<div class=\"elementor-widget-container\">\n\t\t\t\t\t\t\t\t\t<p>\u201eMiteinander Reden, Band 1\u201c basiert auf dem popul\u00e4rwissenschaftlichen Buch des Friedemann Schulz von Thun, das die mittlerweile etwas \u00fcberholten Grundlagen der Kommunikationsforschung erkl\u00e4rt. Der Dialog spielt sich in einem L\u00fcftungsschacht ab, der von einer Maschine als Testraum verwendet wird. Ein Mensch ist darin eingesperrt und wird von der Maschine immer wieder verf\u00fchrt, sich auf Sprachspiele mit ihr einzulassen, hat aber M\u00fche ihr zu folgen. Das St\u00fcck wurde im L\u00fcftungsschacht des Ausstellungraums installiert.<\/p>\t\t\t\t\t\t\t\t<\/div>\n\t\t\t\t<\/div>\n\t\t\t\t<div class=\"elementor-element elementor-element-36457aab elementor-widget elementor-widget-heading\" data-id=\"36457aab\" data-element_type=\"widget\" data-e-type=\"widget\" data-widget_type=\"heading.default\">\n\t\t\t\t<div class=\"elementor-widget-container\">\n\t\t\t\t\t<h2 class=\"elementor-heading-title elementor-size-default\">Hund's Meinung<\/h2>\t\t\t\t<\/div>\n\t\t\t\t<\/div>\n\t\t\t\t<div class=\"elementor-element elementor-element-6fdba34c elementor-widget elementor-widget-text-editor\" data-id=\"6fdba34c\" data-element_type=\"widget\" data-e-type=\"widget\" data-widget_type=\"text-editor.default\">\n\t\t\t\t<div class=\"elementor-widget-container\">\n\t\t\t\t\t\t\t\t\t<p>Hund&#8217;s Meinung war eine performative Feedback Intervention, w\u00e4hrend derer ein toter Hund, der gerade begraben wird, seine Meinung zur Kunst kundtut. Die Autorin sass w\u00e4hrend der gesamten Lesung, die als Audiodatei abgespielt wurde stumm neben den Lautsprechern auf dem Boden auf einer kleinen Decke. <\/p>\t\t\t\t\t\t\t\t<\/div>\n\t\t\t\t<\/div>\n\t\t\t\t<section class=\"elementor-section elementor-inner-section elementor-element elementor-element-61f7cd7a elementor-section-full_width elementor-section-height-default elementor-section-height-default\" data-id=\"61f7cd7a\" data-element_type=\"section\" data-e-type=\"section\">\n\t\t\t\t\t\t<div class=\"elementor-container elementor-column-gap-default\">\n\t\t\t\t\t<div class=\"elementor-column elementor-col-50 elementor-inner-column elementor-element elementor-element-1bd473e3\" data-id=\"1bd473e3\" data-element_type=\"column\" data-e-type=\"column\">\n\t\t\t<div class=\"elementor-widget-wrap elementor-element-populated\">\n\t\t\t\t\t\t<div class=\"elementor-element elementor-element-c45c346 elementor-widget elementor-widget-text-editor\" data-id=\"c45c346\" data-element_type=\"widget\" data-e-type=\"widget\" data-widget_type=\"text-editor.default\">\n\t\t\t\t<div class=\"elementor-widget-container\">\n\t\t\t\t\t\t\t\t\t<p>Format: Performance \/ Dauer: 11&#8217;34&#8220; \/ Text und Montage: S.E.M\u00fcller \/ Stimme: Roger F\u00e4hndrich \/ 2015 @ Villa Renata, Basel<\/p>\t\t\t\t\t\t\t\t<\/div>\n\t\t\t\t<\/div>\n\t\t\t\t\t<\/div>\n\t\t<\/div>\n\t\t\t\t<div class=\"elementor-column elementor-col-50 elementor-inner-column elementor-element elementor-element-7b01b536\" data-id=\"7b01b536\" data-element_type=\"column\" data-e-type=\"column\">\n\t\t\t<div class=\"elementor-widget-wrap elementor-element-populated\">\n\t\t\t\t\t\t<div class=\"elementor-element elementor-element-17a60095 elementor-align-right elementor-widget elementor-widget-button\" data-id=\"17a60095\" data-element_type=\"widget\" data-e-type=\"widget\" data-widget_type=\"button.default\">\n\t\t\t\t<div class=\"elementor-widget-container\">\n\t\t\t\t\t\t\t\t\t<div class=\"elementor-button-wrapper\">\n\t\t\t\t\t<a class=\"elementor-button elementor-button-link elementor-size-sm elementor-animation-grow\" href=\"https:\/\/soundcloud.com\/darkini\/hunds-meinung?in=darkini\/sets\/horstucke\" target=\"_blank\">\n\t\t\t\t\t\t<span class=\"elementor-button-content-wrapper\">\n\t\t\t\t\t\t<span class=\"elementor-button-icon\">\n\t\t\t\t<i aria-hidden=\"true\" class=\"fas fa-headphones\"><\/i>\t\t\t<\/span>\n\t\t\t\t\t\t\t\t\t<span class=\"elementor-button-text\">Audiodatei<\/span>\n\t\t\t\t\t<\/span>\n\t\t\t\t\t<\/a>\n\t\t\t\t<\/div>\n\t\t\t\t\t\t\t\t<\/div>\n\t\t\t\t<\/div>\n\t\t\t\t<div class=\"elementor-element elementor-element-77b4fd53 elementor-widget elementor-widget-spacer\" data-id=\"77b4fd53\" data-element_type=\"widget\" data-e-type=\"widget\" data-widget_type=\"spacer.default\">\n\t\t\t\t<div class=\"elementor-widget-container\">\n\t\t\t\t\t\t\t<div class=\"elementor-spacer\">\n\t\t\t<div class=\"elementor-spacer-inner\"><\/div>\n\t\t<\/div>\n\t\t\t\t\t\t<\/div>\n\t\t\t\t<\/div>\n\t\t\t\t\t<\/div>\n\t\t<\/div>\n\t\t\t\t\t<\/div>\n\t\t<\/section>\n\t\t\t\t\t<\/div>\n\t\t<\/div>\n\t\t\t\t\t<\/div>\n\t\t<\/section>\n\t\t\t\t<\/div>\n\t\t","protected":false},"excerpt":{"rendered":"<p>Miteinander reden, Band I Audiodatei Format: Audioinstallation Dauer: L\u00e4nge Audioloop 7&#8242; Text und Montage: S.E.M\u00fcller Stimmen: Michael Barben \/ S.E.M\u00fcller 2013 @ Offspace Tom Bola \/ Z\u00fcrich \u201eMiteinander Reden, Band 1\u201c basiert auf dem popul\u00e4rwissenschaftlichen Buch des Friedemann Schulz von Thun, das die mittlerweile etwas \u00fcberholten Grundlagen der Kommunikationsforschung erkl\u00e4rt. Der Dialog spielt sich in [&hellip;]<\/p>\n","protected":false},"author":2,"featured_media":231,"parent":0,"menu_order":0,"comment_status":"closed","ping_status":"closed","template":"","meta":{"footnotes":""},"class_list":["post-57","page","type-page","status-publish","has-post-thumbnail","hentry"],"yoast_head":"<!-- This site is optimized with the Yoast SEO plugin v27.4 - https:\/\/yoast.com\/product\/yoast-seo-wordpress\/ -->\n<title>Audiopieces - Sarah Elena M\u00fcller<\/title>\n<meta name=\"robots\" content=\"index, follow, max-snippet:-1, max-image-preview:large, max-video-preview:-1\" \/>\n<link rel=\"canonical\" href=\"https:\/\/sarahelenamueller.ch\/?page_id=57\" \/>\n<meta property=\"og:locale\" content=\"de_DE\" \/>\n<meta property=\"og:type\" content=\"article\" \/>\n<meta property=\"og:title\" content=\"Audiopieces - Sarah Elena M\u00fcller\" \/>\n<meta property=\"og:description\" content=\"Miteinander reden, Band I Audiodatei Format: Audioinstallation Dauer: L\u00e4nge Audioloop 7&#8242; Text und Montage: S.E.M\u00fcller Stimmen: Michael Barben \/ S.E.M\u00fcller 2013 @ Offspace Tom Bola \/ Z\u00fcrich \u201eMiteinander Reden, Band 1\u201c basiert auf dem popul\u00e4rwissenschaftlichen Buch des Friedemann Schulz von Thun, das die mittlerweile etwas \u00fcberholten Grundlagen der Kommunikationsforschung erkl\u00e4rt. Der Dialog spielt sich in [&hellip;]\" \/>\n<meta property=\"og:url\" content=\"https:\/\/sarahelenamueller.ch\/?page_id=57\" \/>\n<meta property=\"og:site_name\" content=\"Sarah Elena M\u00fcller\" \/>\n<meta property=\"article:modified_time\" content=\"2023-06-15T15:53:02+00:00\" \/>\n<meta property=\"og:image\" content=\"https:\/\/sarahelenamueller.ch\/wp-content\/uploads\/2023\/06\/web_MG_1185-scaled.jpg\" \/>\n\t<meta property=\"og:image:width\" content=\"2560\" \/>\n\t<meta property=\"og:image:height\" content=\"1707\" \/>\n\t<meta property=\"og:image:type\" content=\"image\/jpeg\" \/>\n<meta name=\"twitter:card\" content=\"summary_large_image\" \/>\n<meta name=\"twitter:label1\" content=\"Gesch\u00e4tzte Lesezeit\" \/>\n\t<meta name=\"twitter:data1\" content=\"1\u00a0Minute\" \/>\n<script type=\"application\/ld+json\" class=\"yoast-schema-graph\">{\"@context\":\"https:\\\/\\\/schema.org\",\"@graph\":[{\"@type\":\"WebPage\",\"@id\":\"https:\\\/\\\/sarahelenamueller.ch\\\/?page_id=57\",\"url\":\"https:\\\/\\\/sarahelenamueller.ch\\\/?page_id=57\",\"name\":\"Audiopieces - Sarah Elena M\u00fcller\",\"isPartOf\":{\"@id\":\"https:\\\/\\\/sarahelenamueller.ch\\\/#website\"},\"primaryImageOfPage\":{\"@id\":\"https:\\\/\\\/sarahelenamueller.ch\\\/?page_id=57#primaryimage\"},\"image\":{\"@id\":\"https:\\\/\\\/sarahelenamueller.ch\\\/?page_id=57#primaryimage\"},\"thumbnailUrl\":\"https:\\\/\\\/sarahelenamueller.ch\\\/wp-content\\\/uploads\\\/2023\\\/06\\\/web_MG_1185-scaled.jpg\",\"datePublished\":\"2023-04-02T18:11:27+00:00\",\"dateModified\":\"2023-06-15T15:53:02+00:00\",\"breadcrumb\":{\"@id\":\"https:\\\/\\\/sarahelenamueller.ch\\\/?page_id=57#breadcrumb\"},\"inLanguage\":\"de\",\"potentialAction\":[{\"@type\":\"ReadAction\",\"target\":[\"https:\\\/\\\/sarahelenamueller.ch\\\/?page_id=57\"]}]},{\"@type\":\"ImageObject\",\"inLanguage\":\"de\",\"@id\":\"https:\\\/\\\/sarahelenamueller.ch\\\/?page_id=57#primaryimage\",\"url\":\"https:\\\/\\\/sarahelenamueller.ch\\\/wp-content\\\/uploads\\\/2023\\\/06\\\/web_MG_1185-scaled.jpg\",\"contentUrl\":\"https:\\\/\\\/sarahelenamueller.ch\\\/wp-content\\\/uploads\\\/2023\\\/06\\\/web_MG_1185-scaled.jpg\",\"width\":2560,\"height\":1707},{\"@type\":\"BreadcrumbList\",\"@id\":\"https:\\\/\\\/sarahelenamueller.ch\\\/?page_id=57#breadcrumb\",\"itemListElement\":[{\"@type\":\"ListItem\",\"position\":1,\"name\":\"Startseite\",\"item\":\"https:\\\/\\\/sarahelenamueller.ch\\\/\"},{\"@type\":\"ListItem\",\"position\":2,\"name\":\"Audiopieces\"}]},{\"@type\":\"WebSite\",\"@id\":\"https:\\\/\\\/sarahelenamueller.ch\\\/#website\",\"url\":\"https:\\\/\\\/sarahelenamueller.ch\\\/\",\"name\":\"Sarah Elena M\u00fcller\",\"description\":\"\",\"potentialAction\":[{\"@type\":\"SearchAction\",\"target\":{\"@type\":\"EntryPoint\",\"urlTemplate\":\"https:\\\/\\\/sarahelenamueller.ch\\\/?s={search_term_string}\"},\"query-input\":{\"@type\":\"PropertyValueSpecification\",\"valueRequired\":true,\"valueName\":\"search_term_string\"}}],\"inLanguage\":\"de\"}]}<\/script>\n<!-- \/ Yoast SEO plugin. -->","yoast_head_json":{"title":"Audiopieces - Sarah Elena M\u00fcller","robots":{"index":"index","follow":"follow","max-snippet":"max-snippet:-1","max-image-preview":"max-image-preview:large","max-video-preview":"max-video-preview:-1"},"canonical":"https:\/\/sarahelenamueller.ch\/?page_id=57","og_locale":"de_DE","og_type":"article","og_title":"Audiopieces - Sarah Elena M\u00fcller","og_description":"Miteinander reden, Band I Audiodatei Format: Audioinstallation Dauer: L\u00e4nge Audioloop 7&#8242; Text und Montage: S.E.M\u00fcller Stimmen: Michael Barben \/ S.E.M\u00fcller 2013 @ Offspace Tom Bola \/ Z\u00fcrich \u201eMiteinander Reden, Band 1\u201c basiert auf dem popul\u00e4rwissenschaftlichen Buch des Friedemann Schulz von Thun, das die mittlerweile etwas \u00fcberholten Grundlagen der Kommunikationsforschung erkl\u00e4rt. Der Dialog spielt sich in [&hellip;]","og_url":"https:\/\/sarahelenamueller.ch\/?page_id=57","og_site_name":"Sarah Elena M\u00fcller","article_modified_time":"2023-06-15T15:53:02+00:00","og_image":[{"width":2560,"height":1707,"url":"https:\/\/sarahelenamueller.ch\/wp-content\/uploads\/2023\/06\/web_MG_1185-scaled.jpg","type":"image\/jpeg"}],"twitter_card":"summary_large_image","twitter_misc":{"Gesch\u00e4tzte Lesezeit":"1\u00a0Minute"},"schema":{"@context":"https:\/\/schema.org","@graph":[{"@type":"WebPage","@id":"https:\/\/sarahelenamueller.ch\/?page_id=57","url":"https:\/\/sarahelenamueller.ch\/?page_id=57","name":"Audiopieces - Sarah Elena M\u00fcller","isPartOf":{"@id":"https:\/\/sarahelenamueller.ch\/#website"},"primaryImageOfPage":{"@id":"https:\/\/sarahelenamueller.ch\/?page_id=57#primaryimage"},"image":{"@id":"https:\/\/sarahelenamueller.ch\/?page_id=57#primaryimage"},"thumbnailUrl":"https:\/\/sarahelenamueller.ch\/wp-content\/uploads\/2023\/06\/web_MG_1185-scaled.jpg","datePublished":"2023-04-02T18:11:27+00:00","dateModified":"2023-06-15T15:53:02+00:00","breadcrumb":{"@id":"https:\/\/sarahelenamueller.ch\/?page_id=57#breadcrumb"},"inLanguage":"de","potentialAction":[{"@type":"ReadAction","target":["https:\/\/sarahelenamueller.ch\/?page_id=57"]}]},{"@type":"ImageObject","inLanguage":"de","@id":"https:\/\/sarahelenamueller.ch\/?page_id=57#primaryimage","url":"https:\/\/sarahelenamueller.ch\/wp-content\/uploads\/2023\/06\/web_MG_1185-scaled.jpg","contentUrl":"https:\/\/sarahelenamueller.ch\/wp-content\/uploads\/2023\/06\/web_MG_1185-scaled.jpg","width":2560,"height":1707},{"@type":"BreadcrumbList","@id":"https:\/\/sarahelenamueller.ch\/?page_id=57#breadcrumb","itemListElement":[{"@type":"ListItem","position":1,"name":"Startseite","item":"https:\/\/sarahelenamueller.ch\/"},{"@type":"ListItem","position":2,"name":"Audiopieces"}]},{"@type":"WebSite","@id":"https:\/\/sarahelenamueller.ch\/#website","url":"https:\/\/sarahelenamueller.ch\/","name":"Sarah Elena M\u00fcller","description":"","potentialAction":[{"@type":"SearchAction","target":{"@type":"EntryPoint","urlTemplate":"https:\/\/sarahelenamueller.ch\/?s={search_term_string}"},"query-input":{"@type":"PropertyValueSpecification","valueRequired":true,"valueName":"search_term_string"}}],"inLanguage":"de"}]}},"_links":{"self":[{"href":"https:\/\/sarahelenamueller.ch\/index.php?rest_route=\/wp\/v2\/pages\/57","targetHints":{"allow":["GET"]}}],"collection":[{"href":"https:\/\/sarahelenamueller.ch\/index.php?rest_route=\/wp\/v2\/pages"}],"about":[{"href":"https:\/\/sarahelenamueller.ch\/index.php?rest_route=\/wp\/v2\/types\/page"}],"author":[{"embeddable":true,"href":"https:\/\/sarahelenamueller.ch\/index.php?rest_route=\/wp\/v2\/users\/2"}],"replies":[{"embeddable":true,"href":"https:\/\/sarahelenamueller.ch\/index.php?rest_route=%2Fwp%2Fv2%2Fcomments&post=57"}],"version-history":[{"count":8,"href":"https:\/\/sarahelenamueller.ch\/index.php?rest_route=\/wp\/v2\/pages\/57\/revisions"}],"predecessor-version":[{"id":295,"href":"https:\/\/sarahelenamueller.ch\/index.php?rest_route=\/wp\/v2\/pages\/57\/revisions\/295"}],"wp:featuredmedia":[{"embeddable":true,"href":"https:\/\/sarahelenamueller.ch\/index.php?rest_route=\/wp\/v2\/media\/231"}],"wp:attachment":[{"href":"https:\/\/sarahelenamueller.ch\/index.php?rest_route=%2Fwp%2Fv2%2Fmedia&parent=57"}],"curies":[{"name":"wp","href":"https:\/\/api.w.org\/{rel}","templated":true}]}}