{"id":51,"date":"2023-05-19T18:11:26","date_gmt":"2023-05-19T18:11:26","guid":{"rendered":"https:\/\/sarahelenamueller.ch.hera.ch-meta.net\/test_1\/?page_id=51"},"modified":"2023-06-15T16:18:17","modified_gmt":"2023-06-15T16:18:17","slug":"cruise-ship-misery","status":"publish","type":"page","link":"https:\/\/sarahelenamueller.ch\/?page_id=51","title":{"rendered":"Cruise Ship Misery"},"content":{"rendered":"\t\t<div data-elementor-type=\"wp-page\" data-elementor-id=\"51\" class=\"elementor elementor-51\" data-elementor-post-type=\"page\">\n\t\t\t\t\t\t<section class=\"elementor-section elementor-top-section elementor-element elementor-element-57cebe93 elementor-section-stretched elementor-section-boxed elementor-section-height-default elementor-section-height-default\" data-id=\"57cebe93\" data-element_type=\"section\" data-e-type=\"section\" data-settings=\"{&quot;stretch_section&quot;:&quot;section-stretched&quot;}\">\n\t\t\t\t\t\t<div class=\"elementor-container elementor-column-gap-default\">\n\t\t\t\t\t<div class=\"elementor-column elementor-col-100 elementor-top-column elementor-element elementor-element-2822750c\" data-id=\"2822750c\" data-element_type=\"column\" data-e-type=\"column\">\n\t\t\t<div class=\"elementor-widget-wrap elementor-element-populated\">\n\t\t\t\t\t\t<section class=\"elementor-section elementor-inner-section elementor-element elementor-element-fada753 elementor-section-full_width elementor-section-height-default elementor-section-height-default\" data-id=\"fada753\" data-element_type=\"section\" data-e-type=\"section\">\n\t\t\t\t\t\t<div class=\"elementor-container elementor-column-gap-default\">\n\t\t\t\t\t<div class=\"elementor-column elementor-col-50 elementor-inner-column elementor-element elementor-element-1e891ec7\" data-id=\"1e891ec7\" data-element_type=\"column\" data-e-type=\"column\">\n\t\t\t<div class=\"elementor-widget-wrap elementor-element-populated\">\n\t\t\t\t\t\t<div class=\"elementor-element elementor-element-37a6a838 elementor-widget elementor-widget-text-editor\" data-id=\"37a6a838\" data-element_type=\"widget\" data-e-type=\"widget\" data-widget_type=\"text-editor.default\">\n\t\t\t\t<div class=\"elementor-widget-container\">\n\t\t\t\t\t\t\t\t\t<p>Seit 2016 performt S.E. M\u00fcller ihre Texte mit der S\u00e4ngerin Milena Krstic als Mundart-Pop Duo Cruise Ship Misery an musikalischen und literarischen Veranstaltungen. In ihrer Show pr\u00e4sentieren die beiden eine unbesch\u00f6nigte und bunte Palette an Berichten rund um die physischen und mentalen Gefangenschaften, die das Leben bereith\u00e4lt. Sarah E. M\u00fcllers Texte behandeln Nebenschaupl\u00e4tze des Justizvollzugs, geistige Verwahrlosung, gerechtfertigte und ungerechtfertigte Paranoia vor gesellschaftlicher Verurteilung und die Ohnmacht der Gef\u00fchle gegen\u00fcber einem Verwaltungsapparat, der selten ganze Geschichten h\u00f6ren will. Druck- und humorvoll erkl\u00e4rt Milena Krstic mit ihrem Gesang das Unbehagen zur Party und alle musikalischen Stilregister werden gezogen, w\u00e4hrend der Text simultan mitl\u00e4uft und die totale Kontrolle ausruft. Das Debut Album \u201cUrteil\u201d erschien Februar 2019 bei Darksome Productions auf CD, I-Tunes, und Spotify.<\/p><p>\u00a0<\/p><p><a href=\"http:\/\/cruiseshipmisery.net\/\" target=\"_blank\" rel=\"noopener\">Web<\/a> \/ <a href=\"https:\/\/www.facebook.com\/cruiseshipmisery\/\" target=\"_blank\" rel=\"noopener\">FB<\/a> \/ <a href=\"https:\/\/www.instagram.com\/cruiseshipmisery\/\" target=\"_blank\" rel=\"noopener\">Insta<\/a> \/ <a href=\"https:\/\/www.youtube.com\/channel\/UCUNq-8vNF0F79XA7JXu3J8Q\" target=\"_blank\" rel=\"noopener\">Youtube<\/a><\/p><p>\u00a0<\/p><p>Fotos by: <a href=\"https:\/\/www.sarah-wimmer.com\/\" target=\"_blank\" rel=\"noopener\">Sarah Wimmer\u00a0<\/a> &amp; John Ruetti<\/p>\t\t\t\t\t\t\t\t<\/div>\n\t\t\t\t<\/div>\n\t\t\t\t\t<\/div>\n\t\t<\/div>\n\t\t\t\t<div class=\"elementor-column elementor-col-50 elementor-inner-column elementor-element elementor-element-66fd66eb\" data-id=\"66fd66eb\" data-element_type=\"column\" data-e-type=\"column\">\n\t\t\t<div class=\"elementor-widget-wrap elementor-element-populated\">\n\t\t\t\t\t\t<div class=\"elementor-element elementor-element-25d9aea8 elementor-widget elementor-widget-image\" data-id=\"25d9aea8\" data-element_type=\"widget\" data-e-type=\"widget\" data-widget_type=\"image.default\">\n\t\t\t\t<div class=\"elementor-widget-container\">\n\t\t\t\t\t\t\t\t\t\t\t\t\t\t\t<img fetchpriority=\"high\" decoding=\"async\" width=\"580\" height=\"416\" src=\"https:\/\/sarahelenamueller.ch\/wp-content\/uploads\/2023\/06\/press_pic_online_2-1-1024x735.jpg\" class=\"attachment-large size-large wp-image-319\" alt=\"\" srcset=\"https:\/\/sarahelenamueller.ch\/wp-content\/uploads\/2023\/06\/press_pic_online_2-1-1024x735.jpg 1024w, https:\/\/sarahelenamueller.ch\/wp-content\/uploads\/2023\/06\/press_pic_online_2-1-300x215.jpg 300w, https:\/\/sarahelenamueller.ch\/wp-content\/uploads\/2023\/06\/press_pic_online_2-1-768x551.jpg 768w, https:\/\/sarahelenamueller.ch\/wp-content\/uploads\/2023\/06\/press_pic_online_2-1-1536x1103.jpg 1536w, https:\/\/sarahelenamueller.ch\/wp-content\/uploads\/2023\/06\/press_pic_online_2-1-2048x1470.jpg 2048w, https:\/\/sarahelenamueller.ch\/wp-content\/uploads\/2023\/06\/press_pic_online_2-1-1200x862.jpg 1200w, https:\/\/sarahelenamueller.ch\/wp-content\/uploads\/2023\/06\/press_pic_online_2-1-1980x1422.jpg 1980w\" sizes=\"(max-width: 580px) 100vw, 580px\" \/>\t\t\t\t\t\t\t\t\t\t\t\t\t\t\t<\/div>\n\t\t\t\t<\/div>\n\t\t\t\t<div class=\"elementor-element elementor-element-185bf315 elementor-widget elementor-widget-image\" data-id=\"185bf315\" data-element_type=\"widget\" data-e-type=\"widget\" data-widget_type=\"image.default\">\n\t\t\t\t<div class=\"elementor-widget-container\">\n\t\t\t\t\t\t\t\t\t\t\t\t\t\t\t<img decoding=\"async\" width=\"580\" height=\"357\" src=\"https:\/\/sarahelenamueller.ch\/wp-content\/uploads\/2023\/06\/CSM_Sommershoot_Sarah_Wimmer-1024x630.jpg\" class=\"attachment-large size-large wp-image-323\" alt=\"\" srcset=\"https:\/\/sarahelenamueller.ch\/wp-content\/uploads\/2023\/06\/CSM_Sommershoot_Sarah_Wimmer-1024x630.jpg 1024w, https:\/\/sarahelenamueller.ch\/wp-content\/uploads\/2023\/06\/CSM_Sommershoot_Sarah_Wimmer-300x185.jpg 300w, https:\/\/sarahelenamueller.ch\/wp-content\/uploads\/2023\/06\/CSM_Sommershoot_Sarah_Wimmer-768x473.jpg 768w, https:\/\/sarahelenamueller.ch\/wp-content\/uploads\/2023\/06\/CSM_Sommershoot_Sarah_Wimmer-1536x945.jpg 1536w, https:\/\/sarahelenamueller.ch\/wp-content\/uploads\/2023\/06\/CSM_Sommershoot_Sarah_Wimmer-1200x738.jpg 1200w, https:\/\/sarahelenamueller.ch\/wp-content\/uploads\/2023\/06\/CSM_Sommershoot_Sarah_Wimmer.jpg 1716w\" sizes=\"(max-width: 580px) 100vw, 580px\" \/>\t\t\t\t\t\t\t\t\t\t\t\t\t\t\t<\/div>\n\t\t\t\t<\/div>\n\t\t\t\t\t<\/div>\n\t\t<\/div>\n\t\t\t\t\t<\/div>\n\t\t<\/section>\n\t\t\t\t\t<\/div>\n\t\t<\/div>\n\t\t\t\t\t<\/div>\n\t\t<\/section>\n\t\t\t\t<section class=\"elementor-section elementor-top-section elementor-element elementor-element-a8c47c0 elementor-section-stretched elementor-section-boxed elementor-section-height-default elementor-section-height-default\" data-id=\"a8c47c0\" data-element_type=\"section\" data-e-type=\"section\" data-settings=\"{&quot;stretch_section&quot;:&quot;section-stretched&quot;}\">\n\t\t\t\t\t\t<div class=\"elementor-container elementor-column-gap-default\">\n\t\t\t\t\t<div class=\"elementor-column elementor-col-100 elementor-top-column elementor-element elementor-element-743c27a5\" data-id=\"743c27a5\" data-element_type=\"column\" data-e-type=\"column\">\n\t\t\t<div class=\"elementor-widget-wrap elementor-element-populated\">\n\t\t\t\t\t\t<div class=\"elementor-element elementor-element-b74bec0 elementor-widget elementor-widget-video\" data-id=\"b74bec0\" data-element_type=\"widget\" data-e-type=\"widget\" data-settings=\"{&quot;youtube_url&quot;:&quot;https:\\\/\\\/www.youtube.com\\\/watch?v=UXqdAp1vu2c&quot;,&quot;video_type&quot;:&quot;youtube&quot;,&quot;controls&quot;:&quot;yes&quot;}\" data-widget_type=\"video.default\">\n\t\t\t\t<div class=\"elementor-widget-container\">\n\t\t\t\t\t\t\t<div class=\"elementor-wrapper elementor-open-inline\">\n\t\t\t<div class=\"elementor-video\"><\/div>\t\t<\/div>\n\t\t\t\t\t\t<\/div>\n\t\t\t\t<\/div>\n\t\t\t\t<section class=\"elementor-section elementor-inner-section elementor-element elementor-element-400d2151 elementor-section-boxed elementor-section-height-default elementor-section-height-default\" data-id=\"400d2151\" data-element_type=\"section\" data-e-type=\"section\">\n\t\t\t\t\t\t<div class=\"elementor-container elementor-column-gap-default\">\n\t\t\t\t\t<div class=\"elementor-column elementor-col-50 elementor-inner-column elementor-element elementor-element-494389a2\" data-id=\"494389a2\" data-element_type=\"column\" data-e-type=\"column\">\n\t\t\t<div class=\"elementor-widget-wrap elementor-element-populated\">\n\t\t\t\t\t\t<div class=\"elementor-element elementor-element-21dc59f2 elementor-widget elementor-widget-video\" data-id=\"21dc59f2\" data-element_type=\"widget\" data-e-type=\"widget\" data-settings=\"{&quot;youtube_url&quot;:&quot;https:\\\/\\\/www.youtube.com\\\/watch?v=KuM5e2ELgkQ&quot;,&quot;video_type&quot;:&quot;youtube&quot;,&quot;controls&quot;:&quot;yes&quot;}\" data-widget_type=\"video.default\">\n\t\t\t\t<div class=\"elementor-widget-container\">\n\t\t\t\t\t\t\t<div class=\"elementor-wrapper elementor-open-inline\">\n\t\t\t<div class=\"elementor-video\"><\/div>\t\t<\/div>\n\t\t\t\t\t\t<\/div>\n\t\t\t\t<\/div>\n\t\t\t\t\t<\/div>\n\t\t<\/div>\n\t\t\t\t<div class=\"elementor-column elementor-col-50 elementor-inner-column elementor-element elementor-element-31b9443e\" data-id=\"31b9443e\" data-element_type=\"column\" data-e-type=\"column\">\n\t\t\t<div class=\"elementor-widget-wrap elementor-element-populated\">\n\t\t\t\t\t\t<div class=\"elementor-element elementor-element-3859ac31 elementor-widget elementor-widget-video\" data-id=\"3859ac31\" data-element_type=\"widget\" data-e-type=\"widget\" data-settings=\"{&quot;youtube_url&quot;:&quot;https:\\\/\\\/www.youtube.com\\\/watch?v=bZbtQuYp43o&quot;,&quot;video_type&quot;:&quot;youtube&quot;,&quot;controls&quot;:&quot;yes&quot;}\" data-widget_type=\"video.default\">\n\t\t\t\t<div class=\"elementor-widget-container\">\n\t\t\t\t\t\t\t<div class=\"elementor-wrapper elementor-open-inline\">\n\t\t\t<div class=\"elementor-video\"><\/div>\t\t<\/div>\n\t\t\t\t\t\t<\/div>\n\t\t\t\t<\/div>\n\t\t\t\t\t<\/div>\n\t\t<\/div>\n\t\t\t\t\t<\/div>\n\t\t<\/section>\n\t\t\t\t\t<\/div>\n\t\t<\/div>\n\t\t\t\t\t<\/div>\n\t\t<\/section>\n\t\t\t\t<\/div>\n\t\t","protected":false},"excerpt":{"rendered":"<p>Seit 2016 performt S.E. M\u00fcller ihre Texte mit der S\u00e4ngerin Milena Krstic als Mundart-Pop Duo Cruise Ship Misery an musikalischen und literarischen Veranstaltungen. In ihrer Show pr\u00e4sentieren die beiden eine unbesch\u00f6nigte und bunte Palette an Berichten rund um die physischen und mentalen Gefangenschaften, die das Leben bereith\u00e4lt. Sarah E. M\u00fcllers Texte behandeln Nebenschaupl\u00e4tze des Justizvollzugs, [&hellip;]<\/p>\n","protected":false},"author":2,"featured_media":238,"parent":0,"menu_order":0,"comment_status":"closed","ping_status":"closed","template":"","meta":{"footnotes":""},"class_list":["post-51","page","type-page","status-publish","has-post-thumbnail","hentry"],"yoast_head":"<!-- This site is optimized with the Yoast SEO plugin v27.6 - https:\/\/yoast.com\/product\/yoast-seo-wordpress\/ -->\n<title>Cruise Ship Misery - Sarah Elena M\u00fcller<\/title>\n<meta name=\"robots\" content=\"index, follow, max-snippet:-1, max-image-preview:large, max-video-preview:-1\" \/>\n<link rel=\"canonical\" href=\"https:\/\/sarahelenamueller.ch\/?page_id=51\" \/>\n<meta property=\"og:locale\" content=\"de_DE\" \/>\n<meta property=\"og:type\" content=\"article\" \/>\n<meta property=\"og:title\" content=\"Cruise Ship Misery - Sarah Elena M\u00fcller\" \/>\n<meta property=\"og:description\" content=\"Seit 2016 performt S.E. M\u00fcller ihre Texte mit der S\u00e4ngerin Milena Krstic als Mundart-Pop Duo Cruise Ship Misery an musikalischen und literarischen Veranstaltungen. In ihrer Show pr\u00e4sentieren die beiden eine unbesch\u00f6nigte und bunte Palette an Berichten rund um die physischen und mentalen Gefangenschaften, die das Leben bereith\u00e4lt. Sarah E. M\u00fcllers Texte behandeln Nebenschaupl\u00e4tze des Justizvollzugs, [&hellip;]\" \/>\n<meta property=\"og:url\" content=\"https:\/\/sarahelenamueller.ch\/?page_id=51\" \/>\n<meta property=\"og:site_name\" content=\"Sarah Elena M\u00fcller\" \/>\n<meta property=\"article:modified_time\" content=\"2023-06-15T16:18:17+00:00\" \/>\n<meta property=\"og:image\" content=\"https:\/\/sarahelenamueller.ch\/wp-content\/uploads\/2023\/06\/ArtsBirthday2020\u00a9Doradzillo_0978web.jpg\" \/>\n\t<meta property=\"og:image:width\" content=\"1920\" \/>\n\t<meta property=\"og:image:height\" content=\"1280\" \/>\n\t<meta property=\"og:image:type\" content=\"image\/jpeg\" \/>\n<meta name=\"twitter:card\" content=\"summary_large_image\" \/>\n<meta name=\"twitter:label1\" content=\"Gesch\u00e4tzte Lesezeit\" \/>\n\t<meta name=\"twitter:data1\" content=\"2\u00a0Minuten\" \/>\n<script type=\"application\/ld+json\" class=\"yoast-schema-graph\">{\"@context\":\"https:\\\/\\\/schema.org\",\"@graph\":[{\"@type\":\"WebPage\",\"@id\":\"https:\\\/\\\/sarahelenamueller.ch\\\/?page_id=51\",\"url\":\"https:\\\/\\\/sarahelenamueller.ch\\\/?page_id=51\",\"name\":\"Cruise Ship Misery - Sarah Elena M\u00fcller\",\"isPartOf\":{\"@id\":\"https:\\\/\\\/sarahelenamueller.ch\\\/#website\"},\"primaryImageOfPage\":{\"@id\":\"https:\\\/\\\/sarahelenamueller.ch\\\/?page_id=51#primaryimage\"},\"image\":{\"@id\":\"https:\\\/\\\/sarahelenamueller.ch\\\/?page_id=51#primaryimage\"},\"thumbnailUrl\":\"https:\\\/\\\/sarahelenamueller.ch\\\/wp-content\\\/uploads\\\/2023\\\/06\\\/ArtsBirthday2020\u00a9Doradzillo_0978web.jpg\",\"datePublished\":\"2023-05-19T18:11:26+00:00\",\"dateModified\":\"2023-06-15T16:18:17+00:00\",\"breadcrumb\":{\"@id\":\"https:\\\/\\\/sarahelenamueller.ch\\\/?page_id=51#breadcrumb\"},\"inLanguage\":\"de\",\"potentialAction\":[{\"@type\":\"ReadAction\",\"target\":[\"https:\\\/\\\/sarahelenamueller.ch\\\/?page_id=51\"]}]},{\"@type\":\"ImageObject\",\"inLanguage\":\"de\",\"@id\":\"https:\\\/\\\/sarahelenamueller.ch\\\/?page_id=51#primaryimage\",\"url\":\"https:\\\/\\\/sarahelenamueller.ch\\\/wp-content\\\/uploads\\\/2023\\\/06\\\/ArtsBirthday2020\u00a9Doradzillo_0978web.jpg\",\"contentUrl\":\"https:\\\/\\\/sarahelenamueller.ch\\\/wp-content\\\/uploads\\\/2023\\\/06\\\/ArtsBirthday2020\u00a9Doradzillo_0978web.jpg\",\"width\":1920,\"height\":1280,\"caption\":\"\u00a9 Marc Drozadillo\"},{\"@type\":\"BreadcrumbList\",\"@id\":\"https:\\\/\\\/sarahelenamueller.ch\\\/?page_id=51#breadcrumb\",\"itemListElement\":[{\"@type\":\"ListItem\",\"position\":1,\"name\":\"Startseite\",\"item\":\"https:\\\/\\\/sarahelenamueller.ch\\\/\"},{\"@type\":\"ListItem\",\"position\":2,\"name\":\"Cruise Ship Misery\"}]},{\"@type\":\"WebSite\",\"@id\":\"https:\\\/\\\/sarahelenamueller.ch\\\/#website\",\"url\":\"https:\\\/\\\/sarahelenamueller.ch\\\/\",\"name\":\"Sarah Elena M\u00fcller\",\"description\":\"\",\"potentialAction\":[{\"@type\":\"SearchAction\",\"target\":{\"@type\":\"EntryPoint\",\"urlTemplate\":\"https:\\\/\\\/sarahelenamueller.ch\\\/?s={search_term_string}\"},\"query-input\":{\"@type\":\"PropertyValueSpecification\",\"valueRequired\":true,\"valueName\":\"search_term_string\"}}],\"inLanguage\":\"de\"}]}<\/script>\n<!-- \/ Yoast SEO plugin. -->","yoast_head_json":{"title":"Cruise Ship Misery - Sarah Elena M\u00fcller","robots":{"index":"index","follow":"follow","max-snippet":"max-snippet:-1","max-image-preview":"max-image-preview:large","max-video-preview":"max-video-preview:-1"},"canonical":"https:\/\/sarahelenamueller.ch\/?page_id=51","og_locale":"de_DE","og_type":"article","og_title":"Cruise Ship Misery - Sarah Elena M\u00fcller","og_description":"Seit 2016 performt S.E. M\u00fcller ihre Texte mit der S\u00e4ngerin Milena Krstic als Mundart-Pop Duo Cruise Ship Misery an musikalischen und literarischen Veranstaltungen. In ihrer Show pr\u00e4sentieren die beiden eine unbesch\u00f6nigte und bunte Palette an Berichten rund um die physischen und mentalen Gefangenschaften, die das Leben bereith\u00e4lt. Sarah E. M\u00fcllers Texte behandeln Nebenschaupl\u00e4tze des Justizvollzugs, [&hellip;]","og_url":"https:\/\/sarahelenamueller.ch\/?page_id=51","og_site_name":"Sarah Elena M\u00fcller","article_modified_time":"2023-06-15T16:18:17+00:00","og_image":[{"width":1920,"height":1280,"url":"https:\/\/sarahelenamueller.ch\/wp-content\/uploads\/2023\/06\/ArtsBirthday2020\u00a9Doradzillo_0978web.jpg","type":"image\/jpeg"}],"twitter_card":"summary_large_image","twitter_misc":{"Gesch\u00e4tzte Lesezeit":"2\u00a0Minuten"},"schema":{"@context":"https:\/\/schema.org","@graph":[{"@type":"WebPage","@id":"https:\/\/sarahelenamueller.ch\/?page_id=51","url":"https:\/\/sarahelenamueller.ch\/?page_id=51","name":"Cruise Ship Misery - Sarah Elena M\u00fcller","isPartOf":{"@id":"https:\/\/sarahelenamueller.ch\/#website"},"primaryImageOfPage":{"@id":"https:\/\/sarahelenamueller.ch\/?page_id=51#primaryimage"},"image":{"@id":"https:\/\/sarahelenamueller.ch\/?page_id=51#primaryimage"},"thumbnailUrl":"https:\/\/sarahelenamueller.ch\/wp-content\/uploads\/2023\/06\/ArtsBirthday2020\u00a9Doradzillo_0978web.jpg","datePublished":"2023-05-19T18:11:26+00:00","dateModified":"2023-06-15T16:18:17+00:00","breadcrumb":{"@id":"https:\/\/sarahelenamueller.ch\/?page_id=51#breadcrumb"},"inLanguage":"de","potentialAction":[{"@type":"ReadAction","target":["https:\/\/sarahelenamueller.ch\/?page_id=51"]}]},{"@type":"ImageObject","inLanguage":"de","@id":"https:\/\/sarahelenamueller.ch\/?page_id=51#primaryimage","url":"https:\/\/sarahelenamueller.ch\/wp-content\/uploads\/2023\/06\/ArtsBirthday2020\u00a9Doradzillo_0978web.jpg","contentUrl":"https:\/\/sarahelenamueller.ch\/wp-content\/uploads\/2023\/06\/ArtsBirthday2020\u00a9Doradzillo_0978web.jpg","width":1920,"height":1280,"caption":"\u00a9 Marc Drozadillo"},{"@type":"BreadcrumbList","@id":"https:\/\/sarahelenamueller.ch\/?page_id=51#breadcrumb","itemListElement":[{"@type":"ListItem","position":1,"name":"Startseite","item":"https:\/\/sarahelenamueller.ch\/"},{"@type":"ListItem","position":2,"name":"Cruise Ship Misery"}]},{"@type":"WebSite","@id":"https:\/\/sarahelenamueller.ch\/#website","url":"https:\/\/sarahelenamueller.ch\/","name":"Sarah Elena M\u00fcller","description":"","potentialAction":[{"@type":"SearchAction","target":{"@type":"EntryPoint","urlTemplate":"https:\/\/sarahelenamueller.ch\/?s={search_term_string}"},"query-input":{"@type":"PropertyValueSpecification","valueRequired":true,"valueName":"search_term_string"}}],"inLanguage":"de"}]}},"_links":{"self":[{"href":"https:\/\/sarahelenamueller.ch\/index.php?rest_route=\/wp\/v2\/pages\/51","targetHints":{"allow":["GET"]}}],"collection":[{"href":"https:\/\/sarahelenamueller.ch\/index.php?rest_route=\/wp\/v2\/pages"}],"about":[{"href":"https:\/\/sarahelenamueller.ch\/index.php?rest_route=\/wp\/v2\/types\/page"}],"author":[{"embeddable":true,"href":"https:\/\/sarahelenamueller.ch\/index.php?rest_route=\/wp\/v2\/users\/2"}],"replies":[{"embeddable":true,"href":"https:\/\/sarahelenamueller.ch\/index.php?rest_route=%2Fwp%2Fv2%2Fcomments&post=51"}],"version-history":[{"count":47,"href":"https:\/\/sarahelenamueller.ch\/index.php?rest_route=\/wp\/v2\/pages\/51\/revisions"}],"predecessor-version":[{"id":359,"href":"https:\/\/sarahelenamueller.ch\/index.php?rest_route=\/wp\/v2\/pages\/51\/revisions\/359"}],"wp:featuredmedia":[{"embeddable":true,"href":"https:\/\/sarahelenamueller.ch\/index.php?rest_route=\/wp\/v2\/media\/238"}],"wp:attachment":[{"href":"https:\/\/sarahelenamueller.ch\/index.php?rest_route=%2Fwp%2Fv2%2Fmedia&parent=51"}],"curies":[{"name":"wp","href":"https:\/\/api.w.org\/{rel}","templated":true}]}}