{"id":48,"date":"2023-05-23T18:11:26","date_gmt":"2023-05-23T18:11:26","guid":{"rendered":"https:\/\/sarahelenamueller.ch.hera.ch-meta.net\/test_1\/?page_id=48"},"modified":"2025-02-01T04:38:08","modified_gmt":"2025-02-01T04:38:08","slug":"cv-kontakt","status":"publish","type":"page","link":"https:\/\/sarahelenamueller.ch\/?page_id=48","title":{"rendered":"CV \/ Kontakt"},"content":{"rendered":"\t\t<div data-elementor-type=\"wp-page\" data-elementor-id=\"48\" class=\"elementor elementor-48\" data-elementor-post-type=\"page\">\n\t\t\t\t\t\t<section class=\"elementor-section elementor-top-section elementor-element elementor-element-79ff4ec9 elementor-section-stretched elementor-section-full_width elementor-section-height-default elementor-section-height-default\" data-id=\"79ff4ec9\" data-element_type=\"section\" data-e-type=\"section\" data-settings=\"{&quot;stretch_section&quot;:&quot;section-stretched&quot;}\">\n\t\t\t\t\t\t<div class=\"elementor-container elementor-column-gap-default\">\n\t\t\t\t\t<div class=\"elementor-column elementor-col-100 elementor-top-column elementor-element elementor-element-1223e365\" data-id=\"1223e365\" data-element_type=\"column\" data-e-type=\"column\">\n\t\t\t<div class=\"elementor-widget-wrap elementor-element-populated\">\n\t\t\t\t\t\t<section class=\"elementor-section elementor-inner-section elementor-element elementor-element-4f812b7d elementor-section-boxed elementor-section-height-default elementor-section-height-default\" data-id=\"4f812b7d\" data-element_type=\"section\" data-e-type=\"section\">\n\t\t\t\t\t\t<div class=\"elementor-container elementor-column-gap-default\">\n\t\t\t\t\t<div class=\"elementor-column elementor-col-50 elementor-inner-column elementor-element elementor-element-676527a9\" data-id=\"676527a9\" data-element_type=\"column\" data-e-type=\"column\">\n\t\t\t<div class=\"elementor-widget-wrap elementor-element-populated\">\n\t\t\t\t\t\t<div class=\"elementor-element elementor-element-7d269eb elementor-widget elementor-widget-heading\" data-id=\"7d269eb\" data-element_type=\"widget\" data-e-type=\"widget\" data-widget_type=\"heading.default\">\n\t\t\t\t<div class=\"elementor-widget-container\">\n\t\t\t\t\t<h2 class=\"elementor-heading-title elementor-size-default\">Bio<\/h2>\t\t\t\t<\/div>\n\t\t\t\t<\/div>\n\t\t\t\t<div class=\"elementor-element elementor-element-7eee5a15 elementor-widget elementor-widget-text-editor\" data-id=\"7eee5a15\" data-element_type=\"widget\" data-e-type=\"widget\" data-widget_type=\"text-editor.default\">\n\t\t\t\t<div class=\"elementor-widget-container\">\n\t\t\t\t\t\t\t\t\t<p>Sarah Elena M\u00fcller *1990, arbeitet multimedial in Literatur, Musik, Virtual Reality, Theater, H\u00f6rspiel und Performance. Ihr Interesse gilt allen Formen von Text und Sprache, technologischen und sozialen Entwicklungen, sowie tanzbarer Musik. Sie tritt in der Spoken Pop Combo \u00abCruise Ship Misery\u00bb als Ghostwriterin und Musikerin auf, fungierte als Beatmakerin f\u00fcr die kongolesische Rapperin Orakle Ngoy und ist Mitbegr\u00fcnderin des feministischen Autor*innenkollektivs RAUF.<\/p>\n<p>\u00a0<\/p>\n<p>2015 erschien die Erz\u00e4hlung \u00abFucking God\u00bb beim Verlag B\u00fcro f\u00fcr Problem. Seit 2019 leitet sie das Virtual Reality Projekt \u00abMeine Sprache und ich\u00bb \u2013 eine Ann\u00e4herung an Ilse Aichingers Sprachkritik. 2021 erschien der Szenenband \u00abCulturestress \u2013 Endziit isch immer scho inbegriffe\u00bb beim Verlag der gesunde Menschenversand. Seit 2022 ist sie Jurymitglied in der Spoken Word Kommission der Solothurner Literaturtage und der Literaturkommission der Stadt Z\u00fcrich.<\/p>\n<p>\u00a0<\/p>\n<p>2023 erschien ihr Deb\u00fct Roman \u00abBild ohne M\u00e4dchen\u00bb beim Limmat Verlag. Er war f\u00fcr den Schweizer Buchpreis und den Rauriser Buchpreis nominiert und wurde mit dem Literaturpreis des Kantons Bern, dem Kurt Marti Literaturpreis, dem F\u00f6rderpreis Literatur der St.Gallischen Kulturstiftung ausgezeichnet. 2024 las sie anl\u00e4sslich des Klagenfurter Literaturwettbewerbs der TddL im ORF. Seit 2024 arbeitet sie als Junior Research Assistant im SNF-Forschungsprojekt \u201eAutofiktion &amp; Bewusstsein\u201c mit.\u00a0<\/p>\n<p><!-- \/wp:paragraph --><\/p>\t\t\t\t\t\t\t\t<\/div>\n\t\t\t\t<\/div>\n\t\t\t\t<div class=\"elementor-element elementor-element-1bfc0842 elementor-widget elementor-widget-heading\" data-id=\"1bfc0842\" data-element_type=\"widget\" data-e-type=\"widget\" data-widget_type=\"heading.default\">\n\t\t\t\t<div class=\"elementor-widget-container\">\n\t\t\t\t\t<h3 class=\"elementor-heading-title elementor-size-default\">CV<\/h3>\t\t\t\t<\/div>\n\t\t\t\t<\/div>\n\t\t\t\t<div class=\"elementor-element elementor-element-11913ffb elementor-widget elementor-widget-text-editor\" data-id=\"11913ffb\" data-element_type=\"widget\" data-e-type=\"widget\" data-widget_type=\"text-editor.default\">\n\t\t\t\t<div class=\"elementor-widget-container\">\n\t\t\t\t\t\t\t\t\t<p><!-- wp:paragraph --><\/p>\n<p>Vorkurs F + F Schule f\u00fcr Kunst und Mediendesign Z\u00fcrich<\/p>\n<p>Studium F + F Schule f\u00fcr Kunst und Mediendesign Z\u00fcrich<\/p>\n<p>2014 Abschluss Bachelor in Fine Arts, HKB Bern<\/p>\n<p>2014 &#8211; 2018 Regieassistenz bei KMU Produktionen Tim Zulauf<\/p>\n<p><!-- \/wp:paragraph --><\/p>\t\t\t\t\t\t\t\t<\/div>\n\t\t\t\t<\/div>\n\t\t\t\t<div class=\"elementor-element elementor-element-5daab272 elementor-widget elementor-widget-heading\" data-id=\"5daab272\" data-element_type=\"widget\" data-e-type=\"widget\" data-widget_type=\"heading.default\">\n\t\t\t\t<div class=\"elementor-widget-container\">\n\t\t\t\t\t<h3 class=\"elementor-heading-title elementor-size-default\">Preise \/ Residenzen<\/h3>\t\t\t\t<\/div>\n\t\t\t\t<\/div>\n\t\t\t\t\t<\/div>\n\t\t<\/div>\n\t\t\t\t<div class=\"elementor-column elementor-col-50 elementor-inner-column elementor-element elementor-element-111a540f\" data-id=\"111a540f\" data-element_type=\"column\" data-e-type=\"column\">\n\t\t\t<div class=\"elementor-widget-wrap elementor-element-populated\">\n\t\t\t\t\t\t<div class=\"elementor-element elementor-element-46c18e25 elementor-widget elementor-widget-heading\" data-id=\"46c18e25\" data-element_type=\"widget\" data-e-type=\"widget\" data-widget_type=\"heading.default\">\n\t\t\t\t<div class=\"elementor-widget-container\">\n\t\t\t\t\t<h2 class=\"elementor-heading-title elementor-size-default\">Presse<\/h2>\t\t\t\t<\/div>\n\t\t\t\t<\/div>\n\t\t\t\t<div class=\"elementor-element elementor-element-632ad056 elementor-widget elementor-widget-text-editor\" data-id=\"632ad056\" data-element_type=\"widget\" data-e-type=\"widget\" data-widget_type=\"text-editor.default\">\n\t\t\t\t<div class=\"elementor-widget-container\">\n\t\t\t\t\t\t\t\t\t<p><!-- wp:paragraph --><\/p>\n<p><a href=\"https:\/\/www.woz.ch\/path-preview\/node\/84460\" target=\"_blank\" rel=\"noopener\">Interview Serie WOZ &#8211; Mirko Schwab<\/a><\/p>\n<p>\u00a0<\/p>\n<p><a href=\"https:\/\/www.srf.ch\/kultur\/literatur\/literatur-und-virtual-reality-sieht-so-die-zukunft-des-lesens-aus\" target=\"_blank\" rel=\"noopener\">SRF 2 Kontext &#8211; Sieht so die Zukunft des Lesens aus ? Virtual Reality &amp; Literatur<\/a><\/p>\n<p>\u00a0<\/p>\n<p><a href=\"https:\/\/open.spotify.com\/episode\/3GBn56bhmhrXtNsUZ5VUn2?si=3d8e8a99e5f5444a\" target=\"_blank\" rel=\"noopener\">Jahns rollende Welt &#8211; Backstage bei &#8222;Meine Sprache und ich&#8220;<\/a><\/p>\n<p>\u00a0<\/p>\n<p><a href=\"https:\/\/www.bka.ch\/artikel\/sounds\/tanzbare-beklemmung\" target=\"_blank\" rel=\"noopener\">BKA &#8222;tanzbare Beklemmung&#8220;<\/a><\/p>\n<p>\u00a0<\/p>\n<p><a href=\"https:\/\/www.srf.ch\/audio\/kontext\/sarah-elena-mueller-ich-teil-der-weltgeschichte-2-4?id=11896334\">SRF 2 Kontext &#8211; Ich, Teil der Weltgeschichte \/ Gespr\u00e4ch mit Monika Sch\u00e4rer<\/a><\/p>\n<p>\u00a0<\/p>\n<p><a href=\"https:\/\/www.srf.ch\/play\/radio\/kultur-kompakt\/audio\/eine-berlinale-die-dem-publikum-etwas-zutraut?id=f976fd3a-a822-4cc5-b675-ba68b7ed7361&amp;startTime=1111\">SRF 2 Kulturkompakt &#8211; Sendungsbeitrag<\/a><\/p>\n<p>\u00a0<\/p>\n<p><a href=\"https:\/\/artnoir.ch\/songpremiere-ke-ussag-von-cruise-ship-misery\/\">Artnoir Musik Magazin<\/a><\/p>\n<p>\u00a0<\/p>\n<p><a href=\"http:\/\/toggi.zehnder.ch\/eweb\/media\/toggi\/2019\/12\/04\/pdf\/04_12_2019_sega_24_b8ce47761e.pdf?fbclid=IwAR3LqNzeNNN7W8qUZOyPl3K9fIcD1LWJrEjbPMmU1RgHE4X0CUbRY4JgGXE\">Toggenburger Zeitung<\/a><a href=\"http:\/\/toggi.zehnder.ch\/eweb\/media\/toggi\/2019\/12\/04\/pdf\/04_12_2019_sega_24_b8ce47761e.pdf?fbclid=IwAR3LqNzeNNN7W8qUZOyPl3K9fIcD1LWJrEjbPMmU1RgHE4X0CUbRY4JgGXE\"> \u2013 Die W\u00fcrfel sind gefallen <\/a><\/p>\n<p>\u00a0<\/p>\n<p><a href=\"https:\/\/rockette.space\/cruise-ship-misery-so-hat-man-einen-geilen\/\">Rockette Musikblog<\/a><a href=\"https:\/\/rockette.space\/cruise-ship-misery-so-hat-man-einen-geilen\/\"> \u2013 So hat man einen Geilen <\/a><\/p>\n<p>\u00a0<\/p>\n<p><a href=\"https:\/\/m.derbund.ch\/articles\/17995774\">Der Bund<\/a><a href=\"https:\/\/m.derbund.ch\/articles\/17995774\"> \u2013 Kraulen in Zeitlupe <\/a><\/p>\n<p>\u00a0<\/p>\n<p><a href=\"https:\/\/www.bernerzeitung.ch\/kultur\/pop-und-jazz\/auf-dem-trunkenen-kreuzfahrtschiff\/story\/19669780\">Berner Zeitung\u00a0 \u2013\u00a0<\/a><a href=\"https:\/\/www.bernerzeitung.ch\/kultur\/pop-und-jazz\/auf-dem-trunkenen-kreuzfahrtschiff\/story\/19669780\">Auf dem trunkenen Kreuzfahrtschiff <\/a><\/p>\n<p><a href=\"https:\/\/www.woz.ch\/-966d\">WOZ \u2013 Romantik zwischen Dubstep und THC<\/a><\/p>\n<p>\u00a0<\/p>\n<p><a href=\"https:\/\/www.ksb.ist\/doc\/verweigerung-statt-aussage\">KulturStattBern Blog \u2013 Verweigerung statt Aussage<\/a><\/p>\n<p>\u00a0<\/p>\n<p><!-- \/wp:paragraph --><\/p>\t\t\t\t\t\t\t\t<\/div>\n\t\t\t\t<\/div>\n\t\t\t\t\t<\/div>\n\t\t<\/div>\n\t\t\t\t\t<\/div>\n\t\t<\/section>\n\t\t\t\t\t<\/div>\n\t\t<\/div>\n\t\t\t\t\t<\/div>\n\t\t<\/section>\n\t\t\t\t<section class=\"elementor-section elementor-top-section elementor-element elementor-element-7fdc7104 elementor-section-stretched elementor-section-full_width elementor-section-height-default elementor-section-height-default\" data-id=\"7fdc7104\" data-element_type=\"section\" data-e-type=\"section\" data-settings=\"{&quot;stretch_section&quot;:&quot;section-stretched&quot;}\">\n\t\t\t\t\t\t<div class=\"elementor-container elementor-column-gap-default\">\n\t\t\t\t\t<div class=\"elementor-column elementor-col-100 elementor-top-column elementor-element elementor-element-7bceef48\" data-id=\"7bceef48\" data-element_type=\"column\" data-e-type=\"column\">\n\t\t\t<div class=\"elementor-widget-wrap elementor-element-populated\">\n\t\t\t\t\t\t<section class=\"elementor-section elementor-inner-section elementor-element elementor-element-2020ae89 elementor-section-boxed elementor-section-height-default elementor-section-height-default\" data-id=\"2020ae89\" data-element_type=\"section\" data-e-type=\"section\">\n\t\t\t\t\t\t<div class=\"elementor-container elementor-column-gap-default\">\n\t\t\t\t\t<div class=\"elementor-column elementor-col-100 elementor-inner-column elementor-element elementor-element-54f84181\" data-id=\"54f84181\" data-element_type=\"column\" data-e-type=\"column\">\n\t\t\t<div class=\"elementor-widget-wrap elementor-element-populated\">\n\t\t\t\t\t\t<div class=\"elementor-element elementor-element-73953434 elementor-widget elementor-widget-text-editor\" data-id=\"73953434\" data-element_type=\"widget\" data-e-type=\"widget\" data-widget_type=\"text-editor.default\">\n\t\t\t\t<div class=\"elementor-widget-container\">\n\t\t\t\t\t\t\t\t\t<ul>\n<li>2024 Landis &amp; Gyr Atelierstipendium London 24\/25<\/li>\n<li>2023 Kurt Marti Literaturpreis f\u00fcr Bild ohne M\u00e4dchen<\/li>\n<li>2023 Nomination Rauriser Literaturpreis mit &#8222;Bild ohne M\u00e4dchen&#8220;<\/li>\n<li>2023 F\u00f6rderpreis des Kanton St.Gallens f\u00fcr &#8222;Bild ohne M\u00e4dchen&#8220;<\/li>\n<li>2023 Nomination mit &#8222;Bild ohne M\u00e4dchen&#8220; f\u00fcr den Schweizer Buchpreis<\/li>\n<li>2023 Literaturpreis des Kantons Bern<\/li>\n<li>2023 Literaturstipendium im Bodmanhaus des Literaturhaus Thurgau<\/li>\n<li>2021 &#8222;Weiterschreiben&#8220;- Literaturstipendium der Stadt Bern<\/li>\n<li>2021 Residenzstipendium des Kt. Bern \/ Paris, Cit\u00e9 internationale des Arts<\/li>\n<li>2020 Research Residency Pro Helvetia Kinshasa \/ DR Congo<\/li>\n<li>2019 Stipendium Autorenwerkstatt \/ Literarisches Colloquium Berlin<\/li>\n<li>2019 K\u00fcnstlerbegegnung der Internationalen Bodensee Konferenz \/ IBK<\/li>\n<li>2017 Werkbeitrag Literatur\/ Stadt Bern<\/li>\n<li>2016 Werkbeitrag Kunst\/ Kanton St.Gallen<\/li>\n<li>2016 Leaving Langenthal #1 Residency im Chr\u00e4merhuus \/ Langenthal<\/li>\n<li>2013 Watch Out &#8211; Summer Residency \/ Engstligen Alp Kt. Bern<\/li>\n<\/ul>\n<p>\u00a0<\/p>\t\t\t\t\t\t\t\t<\/div>\n\t\t\t\t<\/div>\n\t\t\t\t<div class=\"elementor-element elementor-element-402855d2 elementor-widget elementor-widget-heading\" data-id=\"402855d2\" data-element_type=\"widget\" data-e-type=\"widget\" data-widget_type=\"heading.default\">\n\t\t\t\t<div class=\"elementor-widget-container\">\n\t\t\t\t\t<h3 class=\"elementor-heading-title elementor-size-default\">Kontakt <\/h3>\t\t\t\t<\/div>\n\t\t\t\t<\/div>\n\t\t\t\t\t<\/div>\n\t\t<\/div>\n\t\t\t\t\t<\/div>\n\t\t<\/section>\n\t\t\t\t\t<\/div>\n\t\t<\/div>\n\t\t\t\t\t<\/div>\n\t\t<\/section>\n\t\t\t\t<section class=\"elementor-section elementor-top-section elementor-element elementor-element-703a13de elementor-section-stretched elementor-section-boxed elementor-section-height-default elementor-section-height-default\" data-id=\"703a13de\" data-element_type=\"section\" data-e-type=\"section\" data-settings=\"{&quot;stretch_section&quot;:&quot;section-stretched&quot;}\">\n\t\t\t\t\t\t<div class=\"elementor-container elementor-column-gap-default\">\n\t\t\t\t\t<div class=\"elementor-column elementor-col-33 elementor-top-column elementor-element elementor-element-5e223ece\" data-id=\"5e223ece\" data-element_type=\"column\" data-e-type=\"column\">\n\t\t\t<div class=\"elementor-widget-wrap elementor-element-populated\">\n\t\t\t\t\t\t<div class=\"elementor-element elementor-element-3b388496 elementor-view-default elementor-widget elementor-widget-icon\" data-id=\"3b388496\" data-element_type=\"widget\" data-e-type=\"widget\" data-widget_type=\"icon.default\">\n\t\t\t\t<div class=\"elementor-widget-container\">\n\t\t\t\t\t\t\t<div class=\"elementor-icon-wrapper\">\n\t\t\t<a class=\"elementor-icon\" href=\"mailto:empfang@limmatverlag.ch\" target=\"_blank\">\n\t\t\t<i aria-hidden=\"true\" class=\"far fa-envelope\"><\/i>\t\t\t<\/a>\n\t\t<\/div>\n\t\t\t\t\t\t<\/div>\n\t\t\t\t<\/div>\n\t\t\t\t<div class=\"elementor-element elementor-element-4e9f029a elementor-view-default elementor-widget elementor-widget-icon\" data-id=\"4e9f029a\" data-element_type=\"widget\" data-e-type=\"widget\" data-widget_type=\"icon.default\">\n\t\t\t\t<div class=\"elementor-widget-container\">\n\t\t\t\t\t\t\t<div class=\"elementor-icon-wrapper\">\n\t\t\t<a class=\"elementor-icon\" href=\"mailto:millerstration@gmail.com\" target=\"_blank\">\n\t\t\t<i aria-hidden=\"true\" class=\"far fa-envelope\"><\/i>\t\t\t<\/a>\n\t\t<\/div>\n\t\t\t\t\t\t<\/div>\n\t\t\t\t<\/div>\n\t\t\t\t\t<\/div>\n\t\t<\/div>\n\t\t\t\t<div class=\"elementor-column elementor-col-33 elementor-top-column elementor-element elementor-element-57824905\" data-id=\"57824905\" data-element_type=\"column\" data-e-type=\"column\">\n\t\t\t<div class=\"elementor-widget-wrap elementor-element-populated\">\n\t\t\t\t\t\t<div class=\"elementor-element elementor-element-dd66dda elementor-widget elementor-widget-text-editor\" data-id=\"dd66dda\" data-element_type=\"widget\" data-e-type=\"widget\" data-widget_type=\"text-editor.default\">\n\t\t\t\t<div class=\"elementor-widget-container\">\n\t\t\t\t\t\t\t\t\t<p>rund um &#8222;Bild ohne M\u00e4dchen&#8220;<\/p>\n<p>\u00fcbrige Projekte<\/p>\t\t\t\t\t\t\t\t<\/div>\n\t\t\t\t<\/div>\n\t\t\t\t\t<\/div>\n\t\t<\/div>\n\t\t\t\t<div class=\"elementor-column elementor-col-33 elementor-top-column elementor-element elementor-element-df17ccc\" data-id=\"df17ccc\" data-element_type=\"column\" data-e-type=\"column\">\n\t\t\t<div class=\"elementor-widget-wrap elementor-element-populated\">\n\t\t\t\t\t\t<div class=\"elementor-element elementor-element-11543a64 elementor-widget elementor-widget-text-editor\" data-id=\"11543a64\" data-element_type=\"widget\" data-e-type=\"widget\" data-widget_type=\"text-editor.default\">\n\t\t\t\t<div class=\"elementor-widget-container\">\n\t\t\t\t\t\t\t\t\t<p><a href=\"mailto:empfang@limmatverlag.ch\">empfang(at)limmatverlag.ch<\/a><\/p>\n<p><a href=\"mailto:millerstration@gmail.com\">millerstration(at)gmail.com<\/a><\/p>\n<p>\u00a0<\/p>\t\t\t\t\t\t\t\t<\/div>\n\t\t\t\t<\/div>\n\t\t\t\t\t<\/div>\n\t\t<\/div>\n\t\t\t\t\t<\/div>\n\t\t<\/section>\n\t\t\t\t<\/div>\n\t\t","protected":false},"excerpt":{"rendered":"<p>Bio Sarah Elena M\u00fcller *1990, arbeitet multimedial in Literatur, Musik, Virtual Reality, Theater, H\u00f6rspiel und Performance. Ihr Interesse gilt allen Formen von Text und Sprache, technologischen und sozialen Entwicklungen, sowie tanzbarer Musik. Sie tritt in der Spoken Pop Combo \u00abCruise Ship Misery\u00bb als Ghostwriterin und Musikerin auf, fungierte als Beatmakerin f\u00fcr die kongolesische Rapperin Orakle [&hellip;]<\/p>\n","protected":false},"author":2,"featured_media":360,"parent":0,"menu_order":0,"comment_status":"closed","ping_status":"closed","template":"","meta":{"footnotes":""},"class_list":["post-48","page","type-page","status-publish","has-post-thumbnail","hentry"],"yoast_head":"<!-- This site is optimized with the Yoast SEO plugin v27.4 - https:\/\/yoast.com\/product\/yoast-seo-wordpress\/ -->\n<title>CV \/ Kontakt - Sarah Elena M\u00fcller<\/title>\n<meta name=\"robots\" content=\"index, follow, max-snippet:-1, max-image-preview:large, max-video-preview:-1\" \/>\n<link rel=\"canonical\" href=\"https:\/\/sarahelenamueller.ch\/?page_id=48\" \/>\n<meta property=\"og:locale\" content=\"de_DE\" \/>\n<meta property=\"og:type\" content=\"article\" \/>\n<meta property=\"og:title\" content=\"CV \/ Kontakt - Sarah Elena M\u00fcller\" \/>\n<meta property=\"og:description\" content=\"Bio Sarah Elena M\u00fcller *1990, arbeitet multimedial in Literatur, Musik, Virtual Reality, Theater, H\u00f6rspiel und Performance. Ihr Interesse gilt allen Formen von Text und Sprache, technologischen und sozialen Entwicklungen, sowie tanzbarer Musik. Sie tritt in der Spoken Pop Combo \u00abCruise Ship Misery\u00bb als Ghostwriterin und Musikerin auf, fungierte als Beatmakerin f\u00fcr die kongolesische Rapperin Orakle [&hellip;]\" \/>\n<meta property=\"og:url\" content=\"https:\/\/sarahelenamueller.ch\/?page_id=48\" \/>\n<meta property=\"og:site_name\" content=\"Sarah Elena M\u00fcller\" \/>\n<meta property=\"article:modified_time\" content=\"2025-02-01T04:38:08+00:00\" \/>\n<meta property=\"og:image\" content=\"https:\/\/sarahelenamueller.ch\/wp-content\/uploads\/2023\/06\/thumb_CV.jpg\" \/>\n\t<meta property=\"og:image:width\" content=\"1280\" \/>\n\t<meta property=\"og:image:height\" content=\"960\" \/>\n\t<meta property=\"og:image:type\" content=\"image\/jpeg\" \/>\n<meta name=\"twitter:card\" content=\"summary_large_image\" \/>\n<meta name=\"twitter:label1\" content=\"Gesch\u00e4tzte Lesezeit\" \/>\n\t<meta name=\"twitter:data1\" content=\"3\u00a0Minuten\" \/>\n<script type=\"application\/ld+json\" class=\"yoast-schema-graph\">{\"@context\":\"https:\\\/\\\/schema.org\",\"@graph\":[{\"@type\":\"WebPage\",\"@id\":\"https:\\\/\\\/sarahelenamueller.ch\\\/?page_id=48\",\"url\":\"https:\\\/\\\/sarahelenamueller.ch\\\/?page_id=48\",\"name\":\"CV \\\/ Kontakt - Sarah Elena M\u00fcller\",\"isPartOf\":{\"@id\":\"https:\\\/\\\/sarahelenamueller.ch\\\/#website\"},\"primaryImageOfPage\":{\"@id\":\"https:\\\/\\\/sarahelenamueller.ch\\\/?page_id=48#primaryimage\"},\"image\":{\"@id\":\"https:\\\/\\\/sarahelenamueller.ch\\\/?page_id=48#primaryimage\"},\"thumbnailUrl\":\"https:\\\/\\\/sarahelenamueller.ch\\\/wp-content\\\/uploads\\\/2023\\\/06\\\/thumb_CV.jpg\",\"datePublished\":\"2023-05-23T18:11:26+00:00\",\"dateModified\":\"2025-02-01T04:38:08+00:00\",\"breadcrumb\":{\"@id\":\"https:\\\/\\\/sarahelenamueller.ch\\\/?page_id=48#breadcrumb\"},\"inLanguage\":\"de\",\"potentialAction\":[{\"@type\":\"ReadAction\",\"target\":[\"https:\\\/\\\/sarahelenamueller.ch\\\/?page_id=48\"]}]},{\"@type\":\"ImageObject\",\"inLanguage\":\"de\",\"@id\":\"https:\\\/\\\/sarahelenamueller.ch\\\/?page_id=48#primaryimage\",\"url\":\"https:\\\/\\\/sarahelenamueller.ch\\\/wp-content\\\/uploads\\\/2023\\\/06\\\/thumb_CV.jpg\",\"contentUrl\":\"https:\\\/\\\/sarahelenamueller.ch\\\/wp-content\\\/uploads\\\/2023\\\/06\\\/thumb_CV.jpg\",\"width\":1280,\"height\":960,\"caption\":\"\u00a9 Laura Stevens\"},{\"@type\":\"BreadcrumbList\",\"@id\":\"https:\\\/\\\/sarahelenamueller.ch\\\/?page_id=48#breadcrumb\",\"itemListElement\":[{\"@type\":\"ListItem\",\"position\":1,\"name\":\"Startseite\",\"item\":\"https:\\\/\\\/sarahelenamueller.ch\\\/\"},{\"@type\":\"ListItem\",\"position\":2,\"name\":\"CV \\\/ Kontakt\"}]},{\"@type\":\"WebSite\",\"@id\":\"https:\\\/\\\/sarahelenamueller.ch\\\/#website\",\"url\":\"https:\\\/\\\/sarahelenamueller.ch\\\/\",\"name\":\"Sarah Elena M\u00fcller\",\"description\":\"\",\"potentialAction\":[{\"@type\":\"SearchAction\",\"target\":{\"@type\":\"EntryPoint\",\"urlTemplate\":\"https:\\\/\\\/sarahelenamueller.ch\\\/?s={search_term_string}\"},\"query-input\":{\"@type\":\"PropertyValueSpecification\",\"valueRequired\":true,\"valueName\":\"search_term_string\"}}],\"inLanguage\":\"de\"}]}<\/script>\n<!-- \/ Yoast SEO plugin. -->","yoast_head_json":{"title":"CV \/ Kontakt - Sarah Elena M\u00fcller","robots":{"index":"index","follow":"follow","max-snippet":"max-snippet:-1","max-image-preview":"max-image-preview:large","max-video-preview":"max-video-preview:-1"},"canonical":"https:\/\/sarahelenamueller.ch\/?page_id=48","og_locale":"de_DE","og_type":"article","og_title":"CV \/ Kontakt - Sarah Elena M\u00fcller","og_description":"Bio Sarah Elena M\u00fcller *1990, arbeitet multimedial in Literatur, Musik, Virtual Reality, Theater, H\u00f6rspiel und Performance. Ihr Interesse gilt allen Formen von Text und Sprache, technologischen und sozialen Entwicklungen, sowie tanzbarer Musik. Sie tritt in der Spoken Pop Combo \u00abCruise Ship Misery\u00bb als Ghostwriterin und Musikerin auf, fungierte als Beatmakerin f\u00fcr die kongolesische Rapperin Orakle [&hellip;]","og_url":"https:\/\/sarahelenamueller.ch\/?page_id=48","og_site_name":"Sarah Elena M\u00fcller","article_modified_time":"2025-02-01T04:38:08+00:00","og_image":[{"width":1280,"height":960,"url":"https:\/\/sarahelenamueller.ch\/wp-content\/uploads\/2023\/06\/thumb_CV.jpg","type":"image\/jpeg"}],"twitter_card":"summary_large_image","twitter_misc":{"Gesch\u00e4tzte Lesezeit":"3\u00a0Minuten"},"schema":{"@context":"https:\/\/schema.org","@graph":[{"@type":"WebPage","@id":"https:\/\/sarahelenamueller.ch\/?page_id=48","url":"https:\/\/sarahelenamueller.ch\/?page_id=48","name":"CV \/ Kontakt - Sarah Elena M\u00fcller","isPartOf":{"@id":"https:\/\/sarahelenamueller.ch\/#website"},"primaryImageOfPage":{"@id":"https:\/\/sarahelenamueller.ch\/?page_id=48#primaryimage"},"image":{"@id":"https:\/\/sarahelenamueller.ch\/?page_id=48#primaryimage"},"thumbnailUrl":"https:\/\/sarahelenamueller.ch\/wp-content\/uploads\/2023\/06\/thumb_CV.jpg","datePublished":"2023-05-23T18:11:26+00:00","dateModified":"2025-02-01T04:38:08+00:00","breadcrumb":{"@id":"https:\/\/sarahelenamueller.ch\/?page_id=48#breadcrumb"},"inLanguage":"de","potentialAction":[{"@type":"ReadAction","target":["https:\/\/sarahelenamueller.ch\/?page_id=48"]}]},{"@type":"ImageObject","inLanguage":"de","@id":"https:\/\/sarahelenamueller.ch\/?page_id=48#primaryimage","url":"https:\/\/sarahelenamueller.ch\/wp-content\/uploads\/2023\/06\/thumb_CV.jpg","contentUrl":"https:\/\/sarahelenamueller.ch\/wp-content\/uploads\/2023\/06\/thumb_CV.jpg","width":1280,"height":960,"caption":"\u00a9 Laura Stevens"},{"@type":"BreadcrumbList","@id":"https:\/\/sarahelenamueller.ch\/?page_id=48#breadcrumb","itemListElement":[{"@type":"ListItem","position":1,"name":"Startseite","item":"https:\/\/sarahelenamueller.ch\/"},{"@type":"ListItem","position":2,"name":"CV \/ Kontakt"}]},{"@type":"WebSite","@id":"https:\/\/sarahelenamueller.ch\/#website","url":"https:\/\/sarahelenamueller.ch\/","name":"Sarah Elena M\u00fcller","description":"","potentialAction":[{"@type":"SearchAction","target":{"@type":"EntryPoint","urlTemplate":"https:\/\/sarahelenamueller.ch\/?s={search_term_string}"},"query-input":{"@type":"PropertyValueSpecification","valueRequired":true,"valueName":"search_term_string"}}],"inLanguage":"de"}]}},"_links":{"self":[{"href":"https:\/\/sarahelenamueller.ch\/index.php?rest_route=\/wp\/v2\/pages\/48","targetHints":{"allow":["GET"]}}],"collection":[{"href":"https:\/\/sarahelenamueller.ch\/index.php?rest_route=\/wp\/v2\/pages"}],"about":[{"href":"https:\/\/sarahelenamueller.ch\/index.php?rest_route=\/wp\/v2\/types\/page"}],"author":[{"embeddable":true,"href":"https:\/\/sarahelenamueller.ch\/index.php?rest_route=\/wp\/v2\/users\/2"}],"replies":[{"embeddable":true,"href":"https:\/\/sarahelenamueller.ch\/index.php?rest_route=%2Fwp%2Fv2%2Fcomments&post=48"}],"version-history":[{"count":78,"href":"https:\/\/sarahelenamueller.ch\/index.php?rest_route=\/wp\/v2\/pages\/48\/revisions"}],"predecessor-version":[{"id":1015,"href":"https:\/\/sarahelenamueller.ch\/index.php?rest_route=\/wp\/v2\/pages\/48\/revisions\/1015"}],"wp:featuredmedia":[{"embeddable":true,"href":"https:\/\/sarahelenamueller.ch\/index.php?rest_route=\/wp\/v2\/media\/360"}],"wp:attachment":[{"href":"https:\/\/sarahelenamueller.ch\/index.php?rest_route=%2Fwp%2Fv2%2Fmedia&parent=48"}],"curies":[{"name":"wp","href":"https:\/\/api.w.org\/{rel}","templated":true}]}}